{"id":592,"date":"2026-02-19T21:46:13","date_gmt":"2026-02-19T20:46:13","guid":{"rendered":"https:\/\/xavier-montoy.com\/?page_id=592"},"modified":"2026-02-19T21:46:14","modified_gmt":"2026-02-19T20:46:14","slug":"pseudostroobiles","status":"publish","type":"page","link":"https:\/\/xavier-montoy.com\/index.php\/pseudostroobiles\/","title":{"rendered":"Pseudostroobiles"},"content":{"rendered":"\n<div class=\"wp-block-group alignfull has-contrast-background-color has-background is-vertical is-layout-flex wp-container-core-group-is-layout-e1300cac wp-block-group-is-layout-flex\">\n<div class=\"wp-block-columns alignfull has-base-color has-contrast-background-color has-text-color has-background has-link-color wp-elements-3a9e7d5d932cd4b7dc9f72a56870094f is-layout-flex wp-container-core-columns-is-layout-9c22b1e3 wp-block-columns-is-layout-flex\">\n<div class=\"wp-block-column is-layout-flow wp-block-column-is-layout-flow\" style=\"padding-right:0;padding-left:0;flex-basis:55%\">\n<figure class=\"wp-block-image size-full\" style=\"margin-top:var(--wp--preset--spacing--50);margin-right:var(--wp--preset--spacing--50);margin-bottom:var(--wp--preset--spacing--50);margin-left:var(--wp--preset--spacing--50)\"><img loading=\"lazy\" decoding=\"async\" width=\"1200\" height=\"1500\" src=\"https:\/\/xavier-montoy.com\/wp-content\/uploads\/2026\/02\/boulce-oreille-Pseudostrobile.jpg\" alt=\"\" class=\"wp-image-593\" srcset=\"https:\/\/xavier-montoy.com\/wp-content\/uploads\/2026\/02\/boulce-oreille-Pseudostrobile.jpg 1200w, https:\/\/xavier-montoy.com\/wp-content\/uploads\/2026\/02\/boulce-oreille-Pseudostrobile-240x300.jpg 240w, https:\/\/xavier-montoy.com\/wp-content\/uploads\/2026\/02\/boulce-oreille-Pseudostrobile-819x1024.jpg 819w, https:\/\/xavier-montoy.com\/wp-content\/uploads\/2026\/02\/boulce-oreille-Pseudostrobile-768x960.jpg 768w\" sizes=\"auto, (max-width: 1200px) 100vw, 1200px\" \/><\/figure>\n<\/div>\n\n\n\n<div class=\"wp-block-column is-vertically-aligned-top is-layout-flow wp-block-column-is-layout-flow\" style=\"padding-top:var(--wp--preset--spacing--60);padding-right:var(--wp--preset--spacing--60);padding-bottom:var(--wp--preset--spacing--60);padding-left:var(--wp--preset--spacing--60)\">\n<h2 class=\"wp-block-heading has-text-align-center has-xx-large-font-size\">Pseudostrobile<\/h2>\n\n\n\n<p style=\"text-transform:none\"><em><em><em><em><em>Boucles d\u2019oreilles, baguette de tourmaline, \u00e9lectrodisposition et dorure sur v\u00e9g\u00e9taux.<\/em><\/em><\/em><\/em><\/em><\/p>\n\n\n\n<p class=\"has-small-font-size\" style=\"padding-top:var(--wp--preset--spacing--20);padding-bottom:var(--wp--preset--spacing--20);text-transform:none\">Chez l\u2019ostryer \u00e0 feuilles de charme, l\u2019infrutescence (l\u2019ensemble des fruits issus de fleurs femelles) ressemble \u00e0 un petit c\u00f4ne, semblable \u00e0 du houblon ou une petite pomme de pin un peu molle. Les chatons m\u00e2les, eux, forment de minuscules grappes qui, une fois lib\u00e9r\u00e9s de leur pollen, s\u00e8chent en grains oblongs par\u00e9s d\u2019\u00e9cailles.<br>Ces deux organes sexu\u00e9es, sur le m\u00eame arbre, rappellent les formes que l\u2019imaginaire collectif attribue aux conif\u00e8res.&nbsp;<br>C\u2019est peut-\u00eatre pour \u00e7a que j\u2019ai log\u00e9 dans ce bois cette aiguille couleur sapin.<br>Ainsi compos\u00e9e, cette parure qui se joue de toute rigueur scientifique, rassure mes constructions simplifi\u00e9es. J\u2019aurais form\u00e9 des bijoux inspir\u00e9s des pins : baguettes de tourmaline et c\u00f4nes dor\u00e9s.<\/p>\n\n\n\n<p class=\"has-small-font-size\">Quand il s\u2019agit du vivant, nos pr\u00e9suppos\u00e9s oscillent entre histoires et v\u00e9rit\u00e9s qu\u2019on se raconte. Beaucoup affirment que la tomate est un fruit, sans trop savoir pourquoi, et rares sont ceux qui savent qu\u2019un l\u00e9gume ne d\u00e9crit aucune cat\u00e9gorie v\u00e9g\u00e9tale, mais une \u00e9volution du langage de la cuisine.<br>La science, parfois, encombre nos repr\u00e9sentations. Car il est plus simple de faire des cat\u00e9gories d\u2019ingr\u00e9dients \u00e0 confiture ou non, que d\u2019identifier les structures dont le r\u00f4le est de prot\u00e9ger et d\u2019assurer la diffusion des graines.&nbsp;<br>Il est plus simple d\u2019associer \u00ab&nbsp;ce qui ressemble \u00e0&nbsp;\u00bb ,&nbsp;\u00ab&nbsp;ce qui go\u00fbte comme&nbsp;\u00bb, que&nbsp;\u00bb ce qui fonctionne ainsi&nbsp;\u00bb. Cette \u0153uvre illustre ce biais.<br>J\u2019ai invent\u00e9 un emballage attractif, des \u00e9tiquettes ber\u00e7ant nos certitudes.<\/p>\n\n\n\n<p class=\"has-small-font-size\" style=\"padding-top:var(--wp--preset--spacing--20);padding-bottom:var(--wp--preset--spacing--20);text-transform:none\">J\u2019ai d\u00e9guis\u00e9 les fleurs m\u00e2les d\u2019une esp\u00e8ce, en strobile de graines d\u2019une autre. C\u2019est un fardeau \u00e0 expliquer, et je le justifie parce que son r\u00e9sultat m\u2019a rassur\u00e9. J\u2019ai sculpt\u00e9 une l\u00e9gende miniature, il faudrait \u00e0 pr\u00e9sent que je la romance.<\/p>\n<\/div>\n<\/div>\n<\/div>\n\n\n\n<div class=\"wp-block-group alignfull has-contrast-background-color has-background has-x-large-font-size has-global-padding is-content-justification-center is-layout-constrained wp-block-group-is-layout-constrained\" style=\"margin-top:0;margin-bottom:0\">\n<div class=\"wp-block-jetpack-slideshow aligncenter\" data-autoplay=\"true\" data-delay=\"4\" data-effect=\"slide\" style=\"--aspect-ratio:calc(1200 \/ 1200)\"><div class=\"wp-block-jetpack-slideshow_container swiper-container\"><ul class=\"wp-block-jetpack-slideshow_swiper-wrapper swiper-wrapper\"><li class=\"wp-block-jetpack-slideshow_slide swiper-slide\"><figure><img loading=\"lazy\" decoding=\"async\" width=\"1200\" height=\"1200\" alt=\"\" class=\"wp-block-jetpack-slideshow_image wp-image-594\" data-id=\"594\" data-aspect-ratio=\"1200 \/ 1200\" src=\"https:\/\/xavier-montoy.com\/wp-content\/uploads\/2026\/02\/boulce-oreille-Pseudostrobile_1.jpg\" srcset=\"https:\/\/xavier-montoy.com\/wp-content\/uploads\/2026\/02\/boulce-oreille-Pseudostrobile_1.jpg 1200w, https:\/\/xavier-montoy.com\/wp-content\/uploads\/2026\/02\/boulce-oreille-Pseudostrobile_1-300x300.jpg 300w, https:\/\/xavier-montoy.com\/wp-content\/uploads\/2026\/02\/boulce-oreille-Pseudostrobile_1-1024x1024.jpg 1024w, https:\/\/xavier-montoy.com\/wp-content\/uploads\/2026\/02\/boulce-oreille-Pseudostrobile_1-150x150.jpg 150w, https:\/\/xavier-montoy.com\/wp-content\/uploads\/2026\/02\/boulce-oreille-Pseudostrobile_1-768x768.jpg 768w\" sizes=\"auto, (max-width: 1200px) 100vw, 1200px\" \/><\/figure><\/li><li class=\"wp-block-jetpack-slideshow_slide swiper-slide\"><figure><img loading=\"lazy\" decoding=\"async\" width=\"2048\" height=\"2560\" alt=\"\" class=\"wp-block-jetpack-slideshow_image wp-image-595\" data-id=\"595\" data-aspect-ratio=\"2048 \/ 2560\" src=\"https:\/\/xavier-montoy.com\/wp-content\/uploads\/2026\/02\/boule-oreille-tourmaline-Zoom-scaled.jpg\" srcset=\"https:\/\/xavier-montoy.com\/wp-content\/uploads\/2026\/02\/boule-oreille-tourmaline-Zoom-scaled.jpg 2048w, https:\/\/xavier-montoy.com\/wp-content\/uploads\/2026\/02\/boule-oreille-tourmaline-Zoom-240x300.jpg 240w, https:\/\/xavier-montoy.com\/wp-content\/uploads\/2026\/02\/boule-oreille-tourmaline-Zoom-819x1024.jpg 819w, https:\/\/xavier-montoy.com\/wp-content\/uploads\/2026\/02\/boule-oreille-tourmaline-Zoom-768x960.jpg 768w, https:\/\/xavier-montoy.com\/wp-content\/uploads\/2026\/02\/boule-oreille-tourmaline-Zoom-1229x1536.jpg 1229w, https:\/\/xavier-montoy.com\/wp-content\/uploads\/2026\/02\/boule-oreille-tourmaline-Zoom-1639x2048.jpg 1639w\" sizes=\"auto, (max-width: 2048px) 100vw, 2048px\" \/><\/figure><\/li><\/ul><a class=\"wp-block-jetpack-slideshow_button-prev swiper-button-prev swiper-button-white\" role=\"button\"><\/a><a class=\"wp-block-jetpack-slideshow_button-next swiper-button-next swiper-button-white\" role=\"button\"><\/a><a aria-label=\"Pause Slideshow\" class=\"wp-block-jetpack-slideshow_button-pause\" role=\"button\"><\/a><div class=\"wp-block-jetpack-slideshow_pagination swiper-pagination swiper-pagination-white\"><\/div><\/div><\/div>\n<\/div>\n","protected":false},"excerpt":{"rendered":"<p>Pseudostrobile Boucles d\u2019oreilles, baguette de tourmaline, \u00e9lectrodisposition et dorure sur v\u00e9g\u00e9taux. Chez l\u2019ostryer \u00e0 feuilles de charme, l\u2019infrutescence (l\u2019ensemble des fruits issus de fleurs femelles) ressemble \u00e0 un petit c\u00f4ne, semblable \u00e0 du houblon ou une petite pomme de pin un peu molle. Les chatons m\u00e2les, eux, forment de minuscules grappes qui, une fois lib\u00e9r\u00e9s [&hellip;]<\/p>\n","protected":false},"author":1,"featured_media":0,"parent":0,"menu_order":0,"comment_status":"closed","ping_status":"closed","template":"","meta":{"footnotes":""},"class_list":["post-592","page","type-page","status-publish","hentry"],"jetpack_sharing_enabled":true,"_links":{"self":[{"href":"https:\/\/xavier-montoy.com\/index.php\/wp-json\/wp\/v2\/pages\/592","targetHints":{"allow":["GET"]}}],"collection":[{"href":"https:\/\/xavier-montoy.com\/index.php\/wp-json\/wp\/v2\/pages"}],"about":[{"href":"https:\/\/xavier-montoy.com\/index.php\/wp-json\/wp\/v2\/types\/page"}],"author":[{"embeddable":true,"href":"https:\/\/xavier-montoy.com\/index.php\/wp-json\/wp\/v2\/users\/1"}],"replies":[{"embeddable":true,"href":"https:\/\/xavier-montoy.com\/index.php\/wp-json\/wp\/v2\/comments?post=592"}],"version-history":[{"count":1,"href":"https:\/\/xavier-montoy.com\/index.php\/wp-json\/wp\/v2\/pages\/592\/revisions"}],"predecessor-version":[{"id":596,"href":"https:\/\/xavier-montoy.com\/index.php\/wp-json\/wp\/v2\/pages\/592\/revisions\/596"}],"wp:attachment":[{"href":"https:\/\/xavier-montoy.com\/index.php\/wp-json\/wp\/v2\/media?parent=592"}],"curies":[{"name":"wp","href":"https:\/\/api.w.org\/{rel}","templated":true}]}}