{"id":561,"date":"2025-08-31T17:32:06","date_gmt":"2025-08-31T15:32:06","guid":{"rendered":"https:\/\/xavier-montoy.com\/?page_id=561"},"modified":"2025-08-31T17:32:06","modified_gmt":"2025-08-31T15:32:06","slug":"apothecie","status":"publish","type":"page","link":"https:\/\/xavier-montoy.com\/index.php\/apothecie\/","title":{"rendered":"Apoth\u00e9cie"},"content":{"rendered":"\n<div class=\"wp-block-group alignfull has-background has-global-padding is-layout-constrained wp-block-group-is-layout-constrained\" style=\"background-color:#000000\">\n<div class=\"wp-block-columns alignfull has-background is-layout-flex wp-container-core-columns-is-layout-9c22b1e3 wp-block-columns-is-layout-flex\" style=\"background-color:#000000\">\n<div class=\"wp-block-column is-layout-flow wp-block-column-is-layout-flow\" style=\"flex-basis:55%\">\n<figure class=\"wp-block-image size-full has-custom-border\" style=\"margin-top:0;margin-right:var(--wp--preset--spacing--50);margin-bottom:0;margin-left:var(--wp--preset--spacing--50)\"><img loading=\"lazy\" decoding=\"async\" width=\"1215\" height=\"1518\" src=\"https:\/\/xavier-montoy.com\/wp-content\/uploads\/2025\/08\/Xavier_Montoy_Apothecie_Broches_Detail.jpg\" alt=\"\" class=\"has-border-color wp-image-562\" style=\"border-color:#000000;border-width:30px\" srcset=\"https:\/\/xavier-montoy.com\/wp-content\/uploads\/2025\/08\/Xavier_Montoy_Apothecie_Broches_Detail.jpg 1215w, https:\/\/xavier-montoy.com\/wp-content\/uploads\/2025\/08\/Xavier_Montoy_Apothecie_Broches_Detail-240x300.jpg 240w, https:\/\/xavier-montoy.com\/wp-content\/uploads\/2025\/08\/Xavier_Montoy_Apothecie_Broches_Detail-820x1024.jpg 820w, https:\/\/xavier-montoy.com\/wp-content\/uploads\/2025\/08\/Xavier_Montoy_Apothecie_Broches_Detail-768x960.jpg 768w\" sizes=\"auto, (max-width: 1215px) 100vw, 1215px\" \/><\/figure>\n<\/div>\n\n\n\n<div class=\"wp-block-column is-vertically-aligned-top is-layout-flow wp-block-column-is-layout-flow\" style=\"padding-top:var(--wp--preset--spacing--60);padding-right:var(--wp--preset--spacing--60);padding-bottom:var(--wp--preset--spacing--60);padding-left:var(--wp--preset--spacing--60)\">\n<h2 class=\"wp-block-heading has-text-align-center has-xx-large-font-size\">Apoth\u00e9cie<\/h2>\n\n\n\n<p style=\"text-transform:none\"><em>Broches en \u00e9corce de pin, colonis\u00e9e par un filon de cuivre dor\u00e9<\/em><\/p>\n\n\n\n<p class=\"has-medium-font-size\" style=\"padding-top:var(--wp--preset--spacing--20);padding-bottom:var(--wp--preset--spacing--20);text-transform:none\">Ni v\u00e9g\u00e9tal ni champignon, le lichen est une symbiose en lui-m\u00eame, et entre en dialogue avec son h\u00f4te, l&#8217;habite, le meuble et le colore. Cette invasion est une forme de vie dominante de la surface terrestre.<\/p>\n\n\n\n<p class=\"has-medium-font-size\">A contrario, depuis que le roi Alyatt\u00e8s \u00e9tablit la valeur l&#8217;or en bl\u00e9, les gisements devinrent des sanctuaires, et la brillance pr\u00e9cieuse. L&#8217;entr\u00e9e de cet \u00e9l\u00e9ment dans l&#8217;\u00e9conomie a boulevers\u00e9 les \u00e9chelles de valeurs plan\u00e9taires, faisant de la biodiversit\u00e9 un acquis pl\u00e9thorique.<\/p>\n\n\n\n<p class=\"has-medium-font-size\" style=\"padding-top:var(--wp--preset--spacing--20);padding-bottom:var(--wp--preset--spacing--20);text-transform:none\">Alors, sur cet ornement, les r\u00f4les s&#8217;inversent : le filon dor\u00e9 se fait l&#8217;envahisseur de l&#8217;\u00e9corce qu&#8217;il orne et raconte l&#8217;abondance qu&#8217;on ne distingue plus.<\/p>\n<\/div>\n<\/div>\n\n\n\n<hr class=\"wp-block-separator alignfull has-alpha-channel-opacity\"\/>\n\n\n\n<figure class=\"wp-block-gallery alignfull has-nested-images columns-3 is-cropped has-background wp-block-gallery-1 is-layout-flex wp-block-gallery-is-layout-flex\" style=\"border-style:none;border-width:0px;background-color:#000000;padding-top:var(--wp--preset--spacing--50);padding-right:0;padding-bottom:var(--wp--preset--spacing--50);padding-left:0\">\n<figure class=\"wp-block-image size-full\"><img loading=\"lazy\" decoding=\"async\" width=\"1500\" height=\"1500\" data-id=\"563\" src=\"https:\/\/xavier-montoy.com\/wp-content\/uploads\/2025\/08\/Xavier_Montoy_broche_Apothecie56-carre.jpg\" alt=\"\" class=\"wp-image-563\" srcset=\"https:\/\/xavier-montoy.com\/wp-content\/uploads\/2025\/08\/Xavier_Montoy_broche_Apothecie56-carre.jpg 1500w, https:\/\/xavier-montoy.com\/wp-content\/uploads\/2025\/08\/Xavier_Montoy_broche_Apothecie56-carre-300x300.jpg 300w, https:\/\/xavier-montoy.com\/wp-content\/uploads\/2025\/08\/Xavier_Montoy_broche_Apothecie56-carre-1024x1024.jpg 1024w, https:\/\/xavier-montoy.com\/wp-content\/uploads\/2025\/08\/Xavier_Montoy_broche_Apothecie56-carre-150x150.jpg 150w, https:\/\/xavier-montoy.com\/wp-content\/uploads\/2025\/08\/Xavier_Montoy_broche_Apothecie56-carre-768x768.jpg 768w\" sizes=\"auto, (max-width: 1500px) 100vw, 1500px\" \/><\/figure>\n\n\n\n<figure class=\"wp-block-image size-full\"><img loading=\"lazy\" decoding=\"async\" width=\"1500\" height=\"1500\" data-id=\"564\" src=\"https:\/\/xavier-montoy.com\/wp-content\/uploads\/2025\/08\/Xavier_Montoy_broche_Apothecie16-carre.jpg\" alt=\"\" class=\"wp-image-564\" srcset=\"https:\/\/xavier-montoy.com\/wp-content\/uploads\/2025\/08\/Xavier_Montoy_broche_Apothecie16-carre.jpg 1500w, https:\/\/xavier-montoy.com\/wp-content\/uploads\/2025\/08\/Xavier_Montoy_broche_Apothecie16-carre-300x300.jpg 300w, https:\/\/xavier-montoy.com\/wp-content\/uploads\/2025\/08\/Xavier_Montoy_broche_Apothecie16-carre-1024x1024.jpg 1024w, https:\/\/xavier-montoy.com\/wp-content\/uploads\/2025\/08\/Xavier_Montoy_broche_Apothecie16-carre-150x150.jpg 150w, https:\/\/xavier-montoy.com\/wp-content\/uploads\/2025\/08\/Xavier_Montoy_broche_Apothecie16-carre-768x768.jpg 768w\" sizes=\"auto, (max-width: 1500px) 100vw, 1500px\" \/><\/figure>\n\n\n\n<figure class=\"wp-block-image size-full\"><img loading=\"lazy\" decoding=\"async\" width=\"1500\" height=\"1500\" data-id=\"565\" src=\"https:\/\/xavier-montoy.com\/wp-content\/uploads\/2025\/08\/Xavier_Montoy_broche_Apothecie26-carre.jpg\" alt=\"\" class=\"wp-image-565\" srcset=\"https:\/\/xavier-montoy.com\/wp-content\/uploads\/2025\/08\/Xavier_Montoy_broche_Apothecie26-carre.jpg 1500w, https:\/\/xavier-montoy.com\/wp-content\/uploads\/2025\/08\/Xavier_Montoy_broche_Apothecie26-carre-300x300.jpg 300w, https:\/\/xavier-montoy.com\/wp-content\/uploads\/2025\/08\/Xavier_Montoy_broche_Apothecie26-carre-1024x1024.jpg 1024w, https:\/\/xavier-montoy.com\/wp-content\/uploads\/2025\/08\/Xavier_Montoy_broche_Apothecie26-carre-150x150.jpg 150w, https:\/\/xavier-montoy.com\/wp-content\/uploads\/2025\/08\/Xavier_Montoy_broche_Apothecie26-carre-768x768.jpg 768w\" sizes=\"auto, (max-width: 1500px) 100vw, 1500px\" \/><\/figure>\n\n\n\n<figure class=\"wp-block-image size-full\"><img loading=\"lazy\" decoding=\"async\" width=\"1500\" height=\"1500\" data-id=\"566\" src=\"https:\/\/xavier-montoy.com\/wp-content\/uploads\/2025\/08\/Xavier_Montoy_broche_Apothecie36-carre.jpg\" alt=\"\" class=\"wp-image-566\" srcset=\"https:\/\/xavier-montoy.com\/wp-content\/uploads\/2025\/08\/Xavier_Montoy_broche_Apothecie36-carre.jpg 1500w, https:\/\/xavier-montoy.com\/wp-content\/uploads\/2025\/08\/Xavier_Montoy_broche_Apothecie36-carre-300x300.jpg 300w, https:\/\/xavier-montoy.com\/wp-content\/uploads\/2025\/08\/Xavier_Montoy_broche_Apothecie36-carre-1024x1024.jpg 1024w, https:\/\/xavier-montoy.com\/wp-content\/uploads\/2025\/08\/Xavier_Montoy_broche_Apothecie36-carre-150x150.jpg 150w, https:\/\/xavier-montoy.com\/wp-content\/uploads\/2025\/08\/Xavier_Montoy_broche_Apothecie36-carre-768x768.jpg 768w\" sizes=\"auto, (max-width: 1500px) 100vw, 1500px\" \/><\/figure>\n\n\n\n<figure class=\"wp-block-image size-full\"><img loading=\"lazy\" decoding=\"async\" width=\"1500\" height=\"1500\" data-id=\"568\" src=\"https:\/\/xavier-montoy.com\/wp-content\/uploads\/2025\/08\/Xavier_Montoy_broche_Apothecie66-carre.jpg\" alt=\"\" class=\"wp-image-568\" srcset=\"https:\/\/xavier-montoy.com\/wp-content\/uploads\/2025\/08\/Xavier_Montoy_broche_Apothecie66-carre.jpg 1500w, https:\/\/xavier-montoy.com\/wp-content\/uploads\/2025\/08\/Xavier_Montoy_broche_Apothecie66-carre-300x300.jpg 300w, https:\/\/xavier-montoy.com\/wp-content\/uploads\/2025\/08\/Xavier_Montoy_broche_Apothecie66-carre-1024x1024.jpg 1024w, https:\/\/xavier-montoy.com\/wp-content\/uploads\/2025\/08\/Xavier_Montoy_broche_Apothecie66-carre-150x150.jpg 150w, https:\/\/xavier-montoy.com\/wp-content\/uploads\/2025\/08\/Xavier_Montoy_broche_Apothecie66-carre-768x768.jpg 768w\" sizes=\"auto, (max-width: 1500px) 100vw, 1500px\" \/><\/figure>\n\n\n\n<figure class=\"wp-block-image size-full\"><img loading=\"lazy\" decoding=\"async\" width=\"1500\" height=\"1500\" data-id=\"567\" src=\"https:\/\/xavier-montoy.com\/wp-content\/uploads\/2025\/08\/Xavier_Montoy_broche_Apothecie46-carre.jpg\" alt=\"\" class=\"wp-image-567\" srcset=\"https:\/\/xavier-montoy.com\/wp-content\/uploads\/2025\/08\/Xavier_Montoy_broche_Apothecie46-carre.jpg 1500w, https:\/\/xavier-montoy.com\/wp-content\/uploads\/2025\/08\/Xavier_Montoy_broche_Apothecie46-carre-300x300.jpg 300w, https:\/\/xavier-montoy.com\/wp-content\/uploads\/2025\/08\/Xavier_Montoy_broche_Apothecie46-carre-1024x1024.jpg 1024w, https:\/\/xavier-montoy.com\/wp-content\/uploads\/2025\/08\/Xavier_Montoy_broche_Apothecie46-carre-150x150.jpg 150w, https:\/\/xavier-montoy.com\/wp-content\/uploads\/2025\/08\/Xavier_Montoy_broche_Apothecie46-carre-768x768.jpg 768w\" sizes=\"auto, (max-width: 1500px) 100vw, 1500px\" \/><\/figure>\n<\/figure>\n\n\n\n<div class=\"wp-block-group alignfull has-background has-global-padding is-layout-constrained wp-block-group-is-layout-constrained\" style=\"background-color:#000000;margin-top:0;margin-bottom:0\"><\/div>\n\n\n\n<p class=\"has-background\" style=\"background-color:#000000\"><\/p>\n<\/div>\n","protected":false},"excerpt":{"rendered":"<p>Apoth\u00e9cie Broches en \u00e9corce de pin, colonis\u00e9e par un filon de cuivre dor\u00e9 Ni v\u00e9g\u00e9tal ni champignon, le lichen est une symbiose en lui-m\u00eame, et entre en dialogue avec son h\u00f4te, l&#8217;habite, le meuble et le colore. Cette invasion est une forme de vie dominante de la surface terrestre. A contrario, depuis que le roi [&hellip;]<\/p>\n","protected":false},"author":1,"featured_media":0,"parent":0,"menu_order":0,"comment_status":"closed","ping_status":"closed","template":"","meta":{"footnotes":""},"class_list":["post-561","page","type-page","status-publish","hentry"],"jetpack_sharing_enabled":true,"_links":{"self":[{"href":"https:\/\/xavier-montoy.com\/index.php\/wp-json\/wp\/v2\/pages\/561","targetHints":{"allow":["GET"]}}],"collection":[{"href":"https:\/\/xavier-montoy.com\/index.php\/wp-json\/wp\/v2\/pages"}],"about":[{"href":"https:\/\/xavier-montoy.com\/index.php\/wp-json\/wp\/v2\/types\/page"}],"author":[{"embeddable":true,"href":"https:\/\/xavier-montoy.com\/index.php\/wp-json\/wp\/v2\/users\/1"}],"replies":[{"embeddable":true,"href":"https:\/\/xavier-montoy.com\/index.php\/wp-json\/wp\/v2\/comments?post=561"}],"version-history":[{"count":1,"href":"https:\/\/xavier-montoy.com\/index.php\/wp-json\/wp\/v2\/pages\/561\/revisions"}],"predecessor-version":[{"id":569,"href":"https:\/\/xavier-montoy.com\/index.php\/wp-json\/wp\/v2\/pages\/561\/revisions\/569"}],"wp:attachment":[{"href":"https:\/\/xavier-montoy.com\/index.php\/wp-json\/wp\/v2\/media?parent=561"}],"curies":[{"name":"wp","href":"https:\/\/api.w.org\/{rel}","templated":true}]}}