{"id":549,"date":"2025-08-31T17:07:12","date_gmt":"2025-08-31T15:07:12","guid":{"rendered":"https:\/\/xavier-montoy.com\/?page_id=549"},"modified":"2025-09-15T14:55:28","modified_gmt":"2025-09-15T12:55:28","slug":"549-2","status":"publish","type":"page","link":"https:\/\/xavier-montoy.com\/index.php\/549-2\/","title":{"rendered":"Le sang de la veine"},"content":{"rendered":"\n<div class=\"wp-block-group alignfull has-contrast-background-color has-background is-vertical is-layout-flex wp-container-core-group-is-layout-e1300cac wp-block-group-is-layout-flex\">\n<div class=\"wp-block-columns alignfull has-base-color has-contrast-background-color has-text-color has-background has-link-color wp-elements-01d9494eccbfd1797b0987c0d1f332dc is-layout-flex wp-container-core-columns-is-layout-9c22b1e3 wp-block-columns-is-layout-flex\">\n<div class=\"wp-block-column is-layout-flow wp-block-column-is-layout-flow\" style=\"padding-right:0;padding-left:0;flex-basis:55%\">\n<figure class=\"wp-block-image size-full\" style=\"margin-top:var(--wp--preset--spacing--50);margin-right:var(--wp--preset--spacing--50);margin-bottom:var(--wp--preset--spacing--50);margin-left:var(--wp--preset--spacing--50)\"><img loading=\"lazy\" decoding=\"async\" width=\"1000\" height=\"914\" src=\"https:\/\/xavier-montoy.com\/wp-content\/uploads\/2025\/08\/Xavier_Montoy_L-etre_Viviane_BD_2.jpg\" alt=\"\" class=\"wp-image-550\" srcset=\"https:\/\/xavier-montoy.com\/wp-content\/uploads\/2025\/08\/Xavier_Montoy_L-etre_Viviane_BD_2.jpg 1000w, https:\/\/xavier-montoy.com\/wp-content\/uploads\/2025\/08\/Xavier_Montoy_L-etre_Viviane_BD_2-300x274.jpg 300w, https:\/\/xavier-montoy.com\/wp-content\/uploads\/2025\/08\/Xavier_Montoy_L-etre_Viviane_BD_2-768x702.jpg 768w\" sizes=\"auto, (max-width: 1000px) 100vw, 1000px\" \/><\/figure>\n<\/div>\n\n\n\n<div class=\"wp-block-column is-vertically-aligned-top is-layout-flow wp-block-column-is-layout-flow\" style=\"padding-top:var(--wp--preset--spacing--60);padding-right:var(--wp--preset--spacing--60);padding-bottom:var(--wp--preset--spacing--60);padding-left:var(--wp--preset--spacing--60)\">\n<h2 class=\"wp-block-heading has-text-align-center has-xx-large-font-size\">Le sang de la veine<\/h2>\n\n\n\n<p style=\"text-transform:none\"><em><em><em><em><em>\u00c9Lectrod\u00e9position de cuivre sur ronce &amp; \u00e9corce<\/em><\/em><\/em><\/em><\/em><\/p>\n\n\n\n<p class=\"has-medium-font-size\" style=\"padding-top:var(--wp--preset--spacing--20);padding-bottom:var(--wp--preset--spacing--20);text-transform:none\"><em>&#8220;La nature s&#8217;imite. Une graine jet\u00e9e en bonne terre produit. Un principe jet\u00e9 dans un bon esprit produit.&#8221;<br><br><\/em>Il marque une diff\u00e9rence avec le &#8220;Dieu nature&#8221; d&#8217;Aristote, li\u00e9 \u00e0 une force immanente qui gouverne l&#8217;ordre naturel et l&#8217;univers.<br><br>Avant m\u00eame l&#8217;expression de son analogie, Pascal expose sa vision productiviste des sols, formul\u00e9e dans l&#8217;\u00e9vidence, simplement pour servir de terreau comparatif.<br>D\u00e8s lors que l&#8217;asservissement de la terre \u00e0 nos activit\u00e9s humaines est remise en question, la pens\u00e9e du philosophe peut \u00eatre lue autrement.<br>Interroger l&#8217;asceptisation du vivant et non l&#8217;asc\u00e9tisme de l&#8217;homme, c&#8217;est le propos de Viviane.<br><br>Cette ronce de cuivre et de tige \u00e9merge d&#8217;un bois mort. Sa naissance m\u00e9tallique sugg\u00e8re qu&#8217;elle y a \u00e9t\u00e9 plant\u00e9e, \u00e0 la mani\u00e8re de l&#8217;\u00e9p\u00e9e arthurienne, et non au sens du semis. Ses \u00e9pines mettent \u00e0 distance la cueillette, ou son extraction, selon ce que l&#8217;on esp\u00e8re poss\u00e9der.<\/p>\n<\/div>\n<\/div>\n<\/div>\n\n\n\n<div class=\"wp-block-group alignfull has-contrast-background-color has-background has-x-large-font-size has-global-padding is-content-justification-center is-layout-constrained wp-block-group-is-layout-constrained\" style=\"margin-top:0;margin-bottom:0\">\n<div class=\"wp-block-jetpack-slideshow aligncenter\" data-autoplay=\"true\" data-delay=\"4\" data-effect=\"slide\"><div class=\"wp-block-jetpack-slideshow_container swiper-container\"><ul class=\"wp-block-jetpack-slideshow_swiper-wrapper swiper-wrapper\"><li class=\"wp-block-jetpack-slideshow_slide swiper-slide\"><figure><img loading=\"lazy\" decoding=\"async\" width=\"1024\" height=\"819\" alt=\"\" class=\"wp-block-jetpack-slideshow_image wp-image-554\" data-id=\"554\" src=\"https:\/\/xavier-montoy.com\/wp-content\/uploads\/2025\/08\/Viviane-zoom-2-1024x819.jpg\" srcset=\"https:\/\/xavier-montoy.com\/wp-content\/uploads\/2025\/08\/Viviane-zoom-2-1024x819.jpg 1024w, https:\/\/xavier-montoy.com\/wp-content\/uploads\/2025\/08\/Viviane-zoom-2-300x240.jpg 300w, https:\/\/xavier-montoy.com\/wp-content\/uploads\/2025\/08\/Viviane-zoom-2-768x614.jpg 768w, https:\/\/xavier-montoy.com\/wp-content\/uploads\/2025\/08\/Viviane-zoom-2-1536x1229.jpg 1536w, https:\/\/xavier-montoy.com\/wp-content\/uploads\/2025\/08\/Viviane-zoom-2.jpg 1920w\" sizes=\"auto, (max-width: 1024px) 100vw, 1024px\" \/><\/figure><\/li><li class=\"wp-block-jetpack-slideshow_slide swiper-slide\"><figure><img loading=\"lazy\" decoding=\"async\" width=\"1024\" height=\"822\" alt=\"\" class=\"wp-block-jetpack-slideshow_image wp-image-553\" data-id=\"553\" src=\"https:\/\/xavier-montoy.com\/wp-content\/uploads\/2025\/08\/Xavier_Montoy_L-etre_Viviane_BD_V2-2-1024x822.jpg\" srcset=\"https:\/\/xavier-montoy.com\/wp-content\/uploads\/2025\/08\/Xavier_Montoy_L-etre_Viviane_BD_V2-2-1024x822.jpg 1024w, https:\/\/xavier-montoy.com\/wp-content\/uploads\/2025\/08\/Xavier_Montoy_L-etre_Viviane_BD_V2-2-300x241.jpg 300w, https:\/\/xavier-montoy.com\/wp-content\/uploads\/2025\/08\/Xavier_Montoy_L-etre_Viviane_BD_V2-2-768x616.jpg 768w, https:\/\/xavier-montoy.com\/wp-content\/uploads\/2025\/08\/Xavier_Montoy_L-etre_Viviane_BD_V2-2.jpg 1346w\" sizes=\"auto, (max-width: 1024px) 100vw, 1024px\" \/><\/figure><\/li><\/ul><a class=\"wp-block-jetpack-slideshow_button-prev swiper-button-prev swiper-button-white\" role=\"button\"><\/a><a class=\"wp-block-jetpack-slideshow_button-next swiper-button-next swiper-button-white\" role=\"button\"><\/a><a aria-label=\"Pause Slideshow\" class=\"wp-block-jetpack-slideshow_button-pause\" role=\"button\"><\/a><div class=\"wp-block-jetpack-slideshow_pagination swiper-pagination swiper-pagination-white\"><\/div><\/div><\/div>\n<\/div>\n","protected":false},"excerpt":{"rendered":"<p>Le sang de la veine \u00c9Lectrod\u00e9position de cuivre sur ronce &amp; \u00e9corce &#8220;La nature s&#8217;imite. Une graine jet\u00e9e en bonne terre produit. Un principe jet\u00e9 dans un bon esprit produit.&#8221; Il marque une diff\u00e9rence avec le &#8220;Dieu nature&#8221; d&#8217;Aristote, li\u00e9 \u00e0 une force immanente qui gouverne l&#8217;ordre naturel et l&#8217;univers. Avant m\u00eame l&#8217;expression de son [&hellip;]<\/p>\n","protected":false},"author":1,"featured_media":0,"parent":0,"menu_order":0,"comment_status":"closed","ping_status":"closed","template":"","meta":{"footnotes":""},"class_list":["post-549","page","type-page","status-publish","hentry"],"jetpack_sharing_enabled":true,"_links":{"self":[{"href":"https:\/\/xavier-montoy.com\/index.php\/wp-json\/wp\/v2\/pages\/549","targetHints":{"allow":["GET"]}}],"collection":[{"href":"https:\/\/xavier-montoy.com\/index.php\/wp-json\/wp\/v2\/pages"}],"about":[{"href":"https:\/\/xavier-montoy.com\/index.php\/wp-json\/wp\/v2\/types\/page"}],"author":[{"embeddable":true,"href":"https:\/\/xavier-montoy.com\/index.php\/wp-json\/wp\/v2\/users\/1"}],"replies":[{"embeddable":true,"href":"https:\/\/xavier-montoy.com\/index.php\/wp-json\/wp\/v2\/comments?post=549"}],"version-history":[{"count":4,"href":"https:\/\/xavier-montoy.com\/index.php\/wp-json\/wp\/v2\/pages\/549\/revisions"}],"predecessor-version":[{"id":574,"href":"https:\/\/xavier-montoy.com\/index.php\/wp-json\/wp\/v2\/pages\/549\/revisions\/574"}],"wp:attachment":[{"href":"https:\/\/xavier-montoy.com\/index.php\/wp-json\/wp\/v2\/media?parent=549"}],"curies":[{"name":"wp","href":"https:\/\/api.w.org\/{rel}","templated":true}]}}