{"id":535,"date":"2025-08-16T16:29:00","date_gmt":"2025-08-16T14:29:00","guid":{"rendered":"https:\/\/xavier-montoy.com\/?page_id=535"},"modified":"2025-08-16T16:29:01","modified_gmt":"2025-08-16T14:29:01","slug":"alpha","status":"publish","type":"page","link":"https:\/\/xavier-montoy.com\/index.php\/alpha\/","title":{"rendered":"Alpha"},"content":{"rendered":"\n<div class=\"wp-block-group alignfull has-contrast-background-color has-background is-vertical is-layout-flex wp-container-core-group-is-layout-e1300cac wp-block-group-is-layout-flex\">\n<div class=\"wp-block-columns alignfull has-base-color has-contrast-background-color has-text-color has-background has-link-color wp-elements-99cdab294675a822980074a181d7699b is-layout-flex wp-container-core-columns-is-layout-9c22b1e3 wp-block-columns-is-layout-flex\">\n<div class=\"wp-block-column is-layout-flow wp-block-column-is-layout-flow\" style=\"padding-right:0;padding-left:0;flex-basis:55%\">\n<figure class=\"wp-block-image size-full\" style=\"margin-top:var(--wp--preset--spacing--50);margin-right:var(--wp--preset--spacing--50);margin-bottom:var(--wp--preset--spacing--50);margin-left:var(--wp--preset--spacing--50)\"><img loading=\"lazy\" decoding=\"async\" width=\"960\" height=\"1200\" src=\"https:\/\/xavier-montoy.com\/wp-content\/uploads\/2025\/08\/Xavier_Montoy_Alpha_Drawing_Zoom.jpg.jpg\" alt=\"\" class=\"wp-image-536\" srcset=\"https:\/\/xavier-montoy.com\/wp-content\/uploads\/2025\/08\/Xavier_Montoy_Alpha_Drawing_Zoom.jpg.jpg 960w, https:\/\/xavier-montoy.com\/wp-content\/uploads\/2025\/08\/Xavier_Montoy_Alpha_Drawing_Zoom.jpg-240x300.jpg 240w, https:\/\/xavier-montoy.com\/wp-content\/uploads\/2025\/08\/Xavier_Montoy_Alpha_Drawing_Zoom.jpg-819x1024.jpg 819w, https:\/\/xavier-montoy.com\/wp-content\/uploads\/2025\/08\/Xavier_Montoy_Alpha_Drawing_Zoom.jpg-768x960.jpg 768w\" sizes=\"auto, (max-width: 960px) 100vw, 960px\" \/><\/figure>\n<\/div>\n\n\n\n<div class=\"wp-block-column is-vertically-aligned-top is-layout-flow wp-block-column-is-layout-flow\" style=\"padding-top:var(--wp--preset--spacing--60);padding-right:var(--wp--preset--spacing--60);padding-bottom:var(--wp--preset--spacing--60);padding-left:var(--wp--preset--spacing--60)\">\n<h2 class=\"wp-block-heading has-text-align-center has-xx-large-font-size\">Alpha<\/h2>\n\n\n\n<p style=\"text-transform:none\"><em><em><em><em>Dessin au feutre \u00e0 pointe calibr\u00e9e sur papier constell\u00e9 d&#8217;\u00e9lytres de col\u00e9opt\u00e8res Sternocera<\/em><\/em><\/em><\/em>.<\/p>\n\n\n\n<p class=\"has-medium-font-size\" style=\"padding-top:var(--wp--preset--spacing--20);padding-bottom:var(--wp--preset--spacing--20);text-transform:none\">Lorsqu&#8217;on s&#8217;int\u00e9resse aux insectes, on change l&#8217;\u00e9chelle de son regard. Lorsqu&#8217;on s&#8217;int\u00e9resse au cosmos \u00e9galement.<br>Ces dessins se font miroir entre ces deux \u00e9tendues \u00e0 sonder. Il s&#8217;agit de sacraliser l&#8217;intangible.<br><br>Au c\u0153ur des fibres du papier se longent des poussi\u00e8res d&#8217;\u00e9lytres de Sternocera Aequisignata.<br>Clairsem\u00e9es ainsi dans la pulpe de cellulose, est couch\u00e9e sur papier l&#8217;\u00e9chelle de leur vie au c\u0153ur de la for\u00eat.<br>Constellant ainsi un ciel imagin\u00e9, est scell\u00e9e dans cette vo\u00fbte, leur place dans le cycle du vivant.<br><br>Se rapprocher des astres, explorer la surface des plan\u00e8tes \u00e0 des milliers d&#8217;ann\u00e9es lumi\u00e8re, c&#8217;est une qu\u00eate nourrie d&#8217;une curiosit\u00e9 quasi universelle.<br>Sonder la terre, conna\u00eetre la vie dont d\u00e9pend la n\u00f4tre, se confronter au cycle du vivant, c&#8217;est une curiosit\u00e9 rar\u00e9fi\u00e9e.<br>L\u00e0 haut, seules les \u00e9toiles les plus brillantes sont nomm\u00e9es. Sur ce papier, la carte c\u00e9leste allume des poussi\u00e8res d\u00e9funtes ramass\u00e9es de nos sols, composant des n\u00e9buleuses X.<\/p>\n<\/div>\n<\/div>\n\n\n\n<div class=\"wp-block-columns alignfull has-contrast-background-color has-background is-layout-flex wp-container-core-columns-is-layout-28f84493 wp-block-columns-is-layout-flex\">\n<div class=\"wp-block-column is-layout-flow wp-block-column-is-layout-flow\">\n<figure class=\"wp-block-gallery alignfull has-nested-images columns-3 is-cropped has-border-color has-accent-6-border-color has-contrast-background-color has-background wp-block-gallery-1 is-layout-flex wp-block-gallery-is-layout-flex\" style=\"margin-right:var(--wp--preset--spacing--40);margin-left:var(--wp--preset--spacing--40)\">\n<figure class=\"wp-block-image size-large\"><img loading=\"lazy\" decoding=\"async\" width=\"819\" height=\"1024\" data-id=\"537\" src=\"https:\/\/xavier-montoy.com\/wp-content\/uploads\/2025\/08\/Xavier_Montoy_Alpha_1-819x1024.jpg\" alt=\"\" class=\"wp-image-537\" srcset=\"https:\/\/xavier-montoy.com\/wp-content\/uploads\/2025\/08\/Xavier_Montoy_Alpha_1-819x1024.jpg 819w, https:\/\/xavier-montoy.com\/wp-content\/uploads\/2025\/08\/Xavier_Montoy_Alpha_1-240x300.jpg 240w, https:\/\/xavier-montoy.com\/wp-content\/uploads\/2025\/08\/Xavier_Montoy_Alpha_1-768x960.jpg 768w, https:\/\/xavier-montoy.com\/wp-content\/uploads\/2025\/08\/Xavier_Montoy_Alpha_1.jpg 1000w\" sizes=\"auto, (max-width: 819px) 100vw, 819px\" \/><\/figure>\n\n\n\n<figure class=\"wp-block-image size-large\"><img loading=\"lazy\" decoding=\"async\" width=\"819\" height=\"1024\" data-id=\"538\" src=\"https:\/\/xavier-montoy.com\/wp-content\/uploads\/2025\/08\/Xavier_Montoy_Alpha_2-819x1024.jpg\" alt=\"\" class=\"wp-image-538\" srcset=\"https:\/\/xavier-montoy.com\/wp-content\/uploads\/2025\/08\/Xavier_Montoy_Alpha_2-819x1024.jpg 819w, https:\/\/xavier-montoy.com\/wp-content\/uploads\/2025\/08\/Xavier_Montoy_Alpha_2-240x300.jpg 240w, https:\/\/xavier-montoy.com\/wp-content\/uploads\/2025\/08\/Xavier_Montoy_Alpha_2-768x960.jpg 768w, https:\/\/xavier-montoy.com\/wp-content\/uploads\/2025\/08\/Xavier_Montoy_Alpha_2.jpg 1000w\" sizes=\"auto, (max-width: 819px) 100vw, 819px\" \/><\/figure>\n\n\n\n<figure class=\"wp-block-image size-large\"><img loading=\"lazy\" decoding=\"async\" width=\"819\" height=\"1024\" data-id=\"539\" src=\"https:\/\/xavier-montoy.com\/wp-content\/uploads\/2025\/08\/Xavier_Montoy_Alpha_3-819x1024.jpg\" alt=\"\" class=\"wp-image-539\" srcset=\"https:\/\/xavier-montoy.com\/wp-content\/uploads\/2025\/08\/Xavier_Montoy_Alpha_3-819x1024.jpg 819w, https:\/\/xavier-montoy.com\/wp-content\/uploads\/2025\/08\/Xavier_Montoy_Alpha_3-240x300.jpg 240w, https:\/\/xavier-montoy.com\/wp-content\/uploads\/2025\/08\/Xavier_Montoy_Alpha_3-768x960.jpg 768w, https:\/\/xavier-montoy.com\/wp-content\/uploads\/2025\/08\/Xavier_Montoy_Alpha_3.jpg 1000w\" sizes=\"auto, (max-width: 819px) 100vw, 819px\" \/><\/figure>\n<\/figure>\n<\/div>\n<\/div>\n<\/div>\n\n\n\n<div class=\"wp-block-group alignfull has-global-padding is-layout-constrained wp-block-group-is-layout-constrained\" style=\"margin-top:0;margin-bottom:0\"><\/div>\n\n\n\n<p><\/p>\n","protected":false},"excerpt":{"rendered":"<p>Alpha Dessin au feutre \u00e0 pointe calibr\u00e9e sur papier constell\u00e9 d&#8217;\u00e9lytres de col\u00e9opt\u00e8res Sternocera. Lorsqu&#8217;on s&#8217;int\u00e9resse aux insectes, on change l&#8217;\u00e9chelle de son regard. Lorsqu&#8217;on s&#8217;int\u00e9resse au cosmos \u00e9galement.Ces dessins se font miroir entre ces deux \u00e9tendues \u00e0 sonder. Il s&#8217;agit de sacraliser l&#8217;intangible. Au c\u0153ur des fibres du papier se longent des poussi\u00e8res d&#8217;\u00e9lytres [&hellip;]<\/p>\n","protected":false},"author":1,"featured_media":0,"parent":0,"menu_order":0,"comment_status":"closed","ping_status":"closed","template":"","meta":{"footnotes":""},"class_list":["post-535","page","type-page","status-publish","hentry"],"jetpack_sharing_enabled":true,"_links":{"self":[{"href":"https:\/\/xavier-montoy.com\/index.php\/wp-json\/wp\/v2\/pages\/535","targetHints":{"allow":["GET"]}}],"collection":[{"href":"https:\/\/xavier-montoy.com\/index.php\/wp-json\/wp\/v2\/pages"}],"about":[{"href":"https:\/\/xavier-montoy.com\/index.php\/wp-json\/wp\/v2\/types\/page"}],"author":[{"embeddable":true,"href":"https:\/\/xavier-montoy.com\/index.php\/wp-json\/wp\/v2\/users\/1"}],"replies":[{"embeddable":true,"href":"https:\/\/xavier-montoy.com\/index.php\/wp-json\/wp\/v2\/comments?post=535"}],"version-history":[{"count":1,"href":"https:\/\/xavier-montoy.com\/index.php\/wp-json\/wp\/v2\/pages\/535\/revisions"}],"predecessor-version":[{"id":540,"href":"https:\/\/xavier-montoy.com\/index.php\/wp-json\/wp\/v2\/pages\/535\/revisions\/540"}],"wp:attachment":[{"href":"https:\/\/xavier-montoy.com\/index.php\/wp-json\/wp\/v2\/media?parent=535"}],"curies":[{"name":"wp","href":"https:\/\/api.w.org\/{rel}","templated":true}]}}