{"id":526,"date":"2025-08-16T16:09:50","date_gmt":"2025-08-16T14:09:50","guid":{"rendered":"https:\/\/xavier-montoy.com\/?page_id=526"},"modified":"2025-08-16T16:09:50","modified_gmt":"2025-08-16T14:09:50","slug":"filons-de-timidite","status":"publish","type":"page","link":"https:\/\/xavier-montoy.com\/index.php\/filons-de-timidite\/","title":{"rendered":"Filons de timidit\u00e9"},"content":{"rendered":"\n<div class=\"wp-block-group alignfull has-background is-vertical is-layout-flex wp-container-core-group-is-layout-fe9cc265 wp-block-group-is-layout-flex\" style=\"background-color:#000000\">\n<div class=\"wp-block-columns alignfull has-background is-layout-flex wp-container-core-columns-is-layout-9c22b1e3 wp-block-columns-is-layout-flex\" style=\"background-color:#000000\">\n<div class=\"wp-block-column has-background is-layout-flow wp-block-column-is-layout-flow\" style=\"background-color:#000000;flex-basis:55%\">\n<figure class=\"wp-block-image size-full\"><img loading=\"lazy\" decoding=\"async\" width=\"964\" height=\"1290\" src=\"https:\/\/xavier-montoy.com\/wp-content\/uploads\/2025\/08\/Xavier_Montoy_Elrctroforming_Corail.jpg\" alt=\"\" class=\"wp-image-527\" srcset=\"https:\/\/xavier-montoy.com\/wp-content\/uploads\/2025\/08\/Xavier_Montoy_Elrctroforming_Corail.jpg 964w, https:\/\/xavier-montoy.com\/wp-content\/uploads\/2025\/08\/Xavier_Montoy_Elrctroforming_Corail-224x300.jpg 224w, https:\/\/xavier-montoy.com\/wp-content\/uploads\/2025\/08\/Xavier_Montoy_Elrctroforming_Corail-765x1024.jpg 765w, https:\/\/xavier-montoy.com\/wp-content\/uploads\/2025\/08\/Xavier_Montoy_Elrctroforming_Corail-768x1028.jpg 768w\" sizes=\"auto, (max-width: 964px) 100vw, 964px\" \/><\/figure>\n<\/div>\n\n\n\n<div class=\"wp-block-column is-vertically-aligned-top has-background is-layout-flow wp-block-column-is-layout-flow\" style=\"background-color:#000000;padding-top:var(--wp--preset--spacing--60);padding-right:var(--wp--preset--spacing--60);padding-bottom:var(--wp--preset--spacing--60);padding-left:var(--wp--preset--spacing--60)\">\n<h2 class=\"wp-block-heading has-text-align-center has-xx-large-font-size\">Filons de timidit\u00e9<\/h2>\n\n\n\n<p style=\"text-transform:none\"><em><em><em>Collages num\u00e9riques.<\/em><\/em><\/em><\/p>\n\n\n\n<p class=\"has-medium-font-size\" style=\"padding-top:var(--wp--preset--spacing--20);padding-bottom:var(--wp--preset--spacing--20);text-transform:none\">La canop\u00e9e des for\u00eats laisse appara\u00eetre un chemin de ciel, appel\u00e9 &#8220;fentes de timidit\u00e9&#8221;.<br>C&#8217;est la distance que chaque arbre laisse \u00e0 ses cong\u00e9n\u00e8res imm\u00e9diats, pour \u00e9viter que leurs branches ne se touchent \u00e0 la cime.<br>Ces ramifications d&#8217;air dessinent le contour de la forme donn\u00e9e \u00e0 la pr\u00e9caution.<br>Sous terre, un filon se forme par remplissage d&#8217;une fracture.<br>Il est souvent pouss\u00e9 vers la surface par l&#8217;activit\u00e9 volcanique.<br>Ces ramifications surlignent le trac\u00e9 de la forme donn\u00e9e \u00e0 la fragilit\u00e9.<br><br>Ces compositions num\u00e9riques de fragments de cuivre fabriqu\u00e9s sur terre par \u00e9lectrolyse forment la cartographie d&#8217;un chemin imaginaire et projectif.<\/p>\n<\/div>\n<\/div>\n\n\n\n<hr class=\"wp-block-separator has-alpha-channel-opacity\"\/>\n\n\n\n<figure class=\"wp-block-gallery alignfull has-nested-images columns-2 is-cropped has-base-background-color has-background wp-block-gallery-1 is-layout-flex wp-block-gallery-is-layout-flex\" style=\"border-style:none;border-width:0px;padding-top:0;padding-right:0;padding-bottom:0;padding-left:0\">\n<figure class=\"wp-block-image size-full\"><img loading=\"lazy\" decoding=\"async\" width=\"1181\" height=\"1181\" data-id=\"529\" src=\"https:\/\/xavier-montoy.com\/wp-content\/uploads\/2025\/08\/Xavier-Montoy_Filon-de-timidite_1_BD.jpg\" alt=\"\" class=\"wp-image-529\" srcset=\"https:\/\/xavier-montoy.com\/wp-content\/uploads\/2025\/08\/Xavier-Montoy_Filon-de-timidite_1_BD.jpg 1181w, https:\/\/xavier-montoy.com\/wp-content\/uploads\/2025\/08\/Xavier-Montoy_Filon-de-timidite_1_BD-300x300.jpg 300w, https:\/\/xavier-montoy.com\/wp-content\/uploads\/2025\/08\/Xavier-Montoy_Filon-de-timidite_1_BD-1024x1024.jpg 1024w, https:\/\/xavier-montoy.com\/wp-content\/uploads\/2025\/08\/Xavier-Montoy_Filon-de-timidite_1_BD-150x150.jpg 150w, https:\/\/xavier-montoy.com\/wp-content\/uploads\/2025\/08\/Xavier-Montoy_Filon-de-timidite_1_BD-768x768.jpg 768w\" sizes=\"auto, (max-width: 1181px) 100vw, 1181px\" \/><\/figure>\n\n\n\n<figure class=\"wp-block-image size-full\"><img loading=\"lazy\" decoding=\"async\" width=\"1181\" height=\"1181\" data-id=\"528\" src=\"https:\/\/xavier-montoy.com\/wp-content\/uploads\/2025\/08\/Xavier-Montoy_Filon-de-timidite_2_BD.jpg\" alt=\"\" class=\"wp-image-528\" srcset=\"https:\/\/xavier-montoy.com\/wp-content\/uploads\/2025\/08\/Xavier-Montoy_Filon-de-timidite_2_BD.jpg 1181w, https:\/\/xavier-montoy.com\/wp-content\/uploads\/2025\/08\/Xavier-Montoy_Filon-de-timidite_2_BD-300x300.jpg 300w, https:\/\/xavier-montoy.com\/wp-content\/uploads\/2025\/08\/Xavier-Montoy_Filon-de-timidite_2_BD-1024x1024.jpg 1024w, https:\/\/xavier-montoy.com\/wp-content\/uploads\/2025\/08\/Xavier-Montoy_Filon-de-timidite_2_BD-150x150.jpg 150w, https:\/\/xavier-montoy.com\/wp-content\/uploads\/2025\/08\/Xavier-Montoy_Filon-de-timidite_2_BD-768x768.jpg 768w\" sizes=\"auto, (max-width: 1181px) 100vw, 1181px\" \/><\/figure>\n\n\n\n<figure class=\"wp-block-image size-full\"><img loading=\"lazy\" decoding=\"async\" width=\"1181\" height=\"1181\" data-id=\"530\" src=\"https:\/\/xavier-montoy.com\/wp-content\/uploads\/2025\/08\/Xavier-Montoy_Filon-de-timidite_4_BD.jpg\" alt=\"\" class=\"wp-image-530\" srcset=\"https:\/\/xavier-montoy.com\/wp-content\/uploads\/2025\/08\/Xavier-Montoy_Filon-de-timidite_4_BD.jpg 1181w, https:\/\/xavier-montoy.com\/wp-content\/uploads\/2025\/08\/Xavier-Montoy_Filon-de-timidite_4_BD-300x300.jpg 300w, https:\/\/xavier-montoy.com\/wp-content\/uploads\/2025\/08\/Xavier-Montoy_Filon-de-timidite_4_BD-1024x1024.jpg 1024w, https:\/\/xavier-montoy.com\/wp-content\/uploads\/2025\/08\/Xavier-Montoy_Filon-de-timidite_4_BD-150x150.jpg 150w, https:\/\/xavier-montoy.com\/wp-content\/uploads\/2025\/08\/Xavier-Montoy_Filon-de-timidite_4_BD-768x768.jpg 768w\" sizes=\"auto, (max-width: 1181px) 100vw, 1181px\" \/><\/figure>\n\n\n\n<figure class=\"wp-block-image size-full\"><img loading=\"lazy\" decoding=\"async\" width=\"1181\" height=\"1181\" data-id=\"531\" src=\"https:\/\/xavier-montoy.com\/wp-content\/uploads\/2025\/08\/Xavier-Montoy_Filon-de-timidite_3_BD.jpg\" alt=\"\" class=\"wp-image-531\" srcset=\"https:\/\/xavier-montoy.com\/wp-content\/uploads\/2025\/08\/Xavier-Montoy_Filon-de-timidite_3_BD.jpg 1181w, https:\/\/xavier-montoy.com\/wp-content\/uploads\/2025\/08\/Xavier-Montoy_Filon-de-timidite_3_BD-300x300.jpg 300w, https:\/\/xavier-montoy.com\/wp-content\/uploads\/2025\/08\/Xavier-Montoy_Filon-de-timidite_3_BD-1024x1024.jpg 1024w, https:\/\/xavier-montoy.com\/wp-content\/uploads\/2025\/08\/Xavier-Montoy_Filon-de-timidite_3_BD-150x150.jpg 150w, https:\/\/xavier-montoy.com\/wp-content\/uploads\/2025\/08\/Xavier-Montoy_Filon-de-timidite_3_BD-768x768.jpg 768w\" sizes=\"auto, (max-width: 1181px) 100vw, 1181px\" \/><\/figure>\n<\/figure>\n<\/div>\n","protected":false},"excerpt":{"rendered":"<p>Filons de timidit\u00e9 Collages num\u00e9riques. La canop\u00e9e des for\u00eats laisse appara\u00eetre un chemin de ciel, appel\u00e9 &#8220;fentes de timidit\u00e9&#8221;.C&#8217;est la distance que chaque arbre laisse \u00e0 ses cong\u00e9n\u00e8res imm\u00e9diats, pour \u00e9viter que leurs branches ne se touchent \u00e0 la cime.Ces ramifications d&#8217;air dessinent le contour de la forme donn\u00e9e \u00e0 la pr\u00e9caution.Sous terre, un filon [&hellip;]<\/p>\n","protected":false},"author":1,"featured_media":0,"parent":0,"menu_order":0,"comment_status":"closed","ping_status":"closed","template":"","meta":{"footnotes":""},"class_list":["post-526","page","type-page","status-publish","hentry"],"jetpack_sharing_enabled":true,"_links":{"self":[{"href":"https:\/\/xavier-montoy.com\/index.php\/wp-json\/wp\/v2\/pages\/526","targetHints":{"allow":["GET"]}}],"collection":[{"href":"https:\/\/xavier-montoy.com\/index.php\/wp-json\/wp\/v2\/pages"}],"about":[{"href":"https:\/\/xavier-montoy.com\/index.php\/wp-json\/wp\/v2\/types\/page"}],"author":[{"embeddable":true,"href":"https:\/\/xavier-montoy.com\/index.php\/wp-json\/wp\/v2\/users\/1"}],"replies":[{"embeddable":true,"href":"https:\/\/xavier-montoy.com\/index.php\/wp-json\/wp\/v2\/comments?post=526"}],"version-history":[{"count":1,"href":"https:\/\/xavier-montoy.com\/index.php\/wp-json\/wp\/v2\/pages\/526\/revisions"}],"predecessor-version":[{"id":532,"href":"https:\/\/xavier-montoy.com\/index.php\/wp-json\/wp\/v2\/pages\/526\/revisions\/532"}],"wp:attachment":[{"href":"https:\/\/xavier-montoy.com\/index.php\/wp-json\/wp\/v2\/media?parent=526"}],"curies":[{"name":"wp","href":"https:\/\/api.w.org\/{rel}","templated":true}]}}