{"id":432,"date":"2025-07-21T09:16:06","date_gmt":"2025-07-21T07:16:06","guid":{"rendered":"https:\/\/xavier-montoy.com\/?page_id=432"},"modified":"2026-02-18T20:02:17","modified_gmt":"2026-02-18T19:02:17","slug":"a-peopos","status":"publish","type":"page","link":"https:\/\/xavier-montoy.com\/index.php\/a-peopos\/","title":{"rendered":"\u00c0 propos"},"content":{"rendered":"\n<div class=\"wp-block-cover alignfull has-contrast-color has-text-color has-link-color wp-elements-b1a33fd875d210f203544432ff50fb73\" style=\"margin-top:0;margin-bottom:0;padding-top:var(--wp--preset--spacing--60);padding-right:var(--wp--preset--spacing--50);padding-bottom:var(--wp--preset--spacing--60);padding-left:var(--wp--preset--spacing--50)\"><span aria-hidden=\"true\" class=\"wp-block-cover__background has-black-background-color has-background-dim-100 has-background-dim\"><\/span><div class=\"wp-block-cover__inner-container has-global-padding is-layout-constrained wp-container-core-cover-is-layout-873ee6b1 wp-block-cover-is-layout-constrained\">\n<div class=\"wp-block-columns alignwide has-background is-layout-flex wp-container-core-columns-is-layout-7ee84d44 wp-block-columns-is-layout-flex\" style=\"background-color:#000000\">\n<div class=\"wp-block-column is-layout-flow wp-block-column-is-layout-flow\" style=\"flex-basis:65%\">\n<div class=\"wp-block-group is-vertical is-content-justification-stretch is-layout-flex wp-container-core-group-is-layout-353c4f5a wp-block-group-is-layout-flex\">\n<h2 class=\"wp-block-heading has-text-align-left\" style=\"font-size:clamp(2.629rem, 2.629rem + ((1vw - 0.2rem) * 3.719), 5rem);font-style:normal;font-weight:300;letter-spacing:-0.03em;line-height:1.4\">Xavier Montoy<\/h2>\n\n\n\n<p class=\"has-montserrat-font-family has-small-font-size\" style=\"text-transform:none\">Xavier Montoy est designer, form\u00e9 \u00e0 l\u2019\u00c9cole Boulle et \u00e0 l\u2019ENSCI les ateliers. <br>Apr\u00e8s avoir men\u00e9 des projets principalement orient\u00e9s sur la bio-fabrication m\u00ealant le design et la recherche scientifique (en partenariat avec l\u2019Institut Pasteur &amp; le MIT notamment) sa d\u00e9marche artistique s&#8217;oriente d\u00e9sormais sur les rapports entre nature et artifice en questionnant la vision anthropocentr\u00e9e que l\u2019humain exerce sur le monde.<\/p>\n\n\n\n<p style=\"text-transform:none\">&#8220;Orf\u00e8vre du vivant&#8221;, sa pratique est un assemblage de savoir-faire singuliers appris aupr\u00e8s de ma\u00eetres (kintzugi, galvanoplastie), de techniques personnelles invent\u00e9es (dessin \u00e0 l&#8217;or, sertissages sculpt\u00e9s, mati\u00e8res iridescentes), et d&#8217;hybridations des m\u00e9diums num\u00e9riques. <br>Dans une d\u00e9marche de m\u00e9diation de la fragilit\u00e9 des \u00e9cosyst\u00e8mes actuels, Xavier choisi de montrer le vivant sous diff\u00e9rentes mat\u00e9rialit\u00e9s et ce, afin de cr\u00e9er une r\u00e9v\u00e9lation \u00e0 sa beaut\u00e9.<\/p>\n\n\n\n<p class=\"is-style-default\" style=\"text-transform:none\">Notamment laur\u00e9at &#8220;m\u00e9daille d&#8217;or&#8221; du concours international iGEM (international Engineered Machine Competition), organis\u00e9 par le MIT en 2017 et du Braun Prize, design for what matters en 2019, il est reconnu pour son savoir-faire d&#8217;exception par la <a href=\"https:\/\/www.michelangelofoundation.org\/\" data-type=\"link\" data-id=\"https:\/\/www.michelangelofoundation.org\/\">Michelangelo Foundation<\/a> en 2023.&nbsp;Le travail de Xavier a \u00e9t\u00e9 pr\u00e9sent\u00e9 \u00e0 Wanted Design Brooklyn en 2017 et \u00e0 la Triennale de Milan Broken Nature en 2019, au Salon R\u00e9v\u00e9lations en 2022 et \u00e0 l&#8217;exposition <a href=\"https:\/\/www.michelangelofoundation.org\/en\/interwoven-a-homo-faber-capsule\" data-type=\"link\" data-id=\"https:\/\/www.michelangelofoundation.org\/en\/interwoven-a-homo-faber-capsule\">Interwoven d&#8217;Homo Faber<\/a> en 2025.<\/p>\n<\/div>\n<\/div>\n\n\n\n<div class=\"wp-block-column is-layout-flow wp-block-column-is-layout-flow\" style=\"flex-basis:35%\">\n<div class=\"wp-block-group is-vertical is-content-justification-stretch is-nowrap is-layout-flex wp-container-core-group-is-layout-73b0033c wp-block-group-is-layout-flex\">\n<figure class=\"wp-block-image size-full\"><img loading=\"lazy\" decoding=\"async\" width=\"2560\" height=\"1703\" src=\"https:\/\/xavier-montoy.com\/wp-content\/uploads\/2026\/02\/MONTOY-Xavier-Portrait-scaled.jpg\" alt=\"\" class=\"wp-image-578\" style=\"aspect-ratio:3\/4;object-fit:cover\" srcset=\"https:\/\/xavier-montoy.com\/wp-content\/uploads\/2026\/02\/MONTOY-Xavier-Portrait-scaled.jpg 2560w, https:\/\/xavier-montoy.com\/wp-content\/uploads\/2026\/02\/MONTOY-Xavier-Portrait-300x200.jpg 300w, https:\/\/xavier-montoy.com\/wp-content\/uploads\/2026\/02\/MONTOY-Xavier-Portrait-1024x681.jpg 1024w, https:\/\/xavier-montoy.com\/wp-content\/uploads\/2026\/02\/MONTOY-Xavier-Portrait-768x511.jpg 768w, https:\/\/xavier-montoy.com\/wp-content\/uploads\/2026\/02\/MONTOY-Xavier-Portrait-1536x1022.jpg 1536w, https:\/\/xavier-montoy.com\/wp-content\/uploads\/2026\/02\/MONTOY-Xavier-Portrait-2048x1363.jpg 2048w\" sizes=\"auto, (max-width: 2560px) 100vw, 2560px\" \/><\/figure>\n\n\n\n<hr class=\"wp-block-separator has-alpha-channel-opacity\"\/>\n<\/div>\n<\/div>\n\n\n\n<div class=\"wp-block-column is-layout-flow wp-block-column-is-layout-flow\"><\/div>\n<\/div>\n<\/div><\/div>\n","protected":false},"excerpt":{"rendered":"","protected":false},"author":1,"featured_media":0,"parent":0,"menu_order":0,"comment_status":"closed","ping_status":"closed","template":"","meta":{"footnotes":""},"class_list":["post-432","page","type-page","status-publish","hentry"],"jetpack_sharing_enabled":true,"_links":{"self":[{"href":"https:\/\/xavier-montoy.com\/index.php\/wp-json\/wp\/v2\/pages\/432","targetHints":{"allow":["GET"]}}],"collection":[{"href":"https:\/\/xavier-montoy.com\/index.php\/wp-json\/wp\/v2\/pages"}],"about":[{"href":"https:\/\/xavier-montoy.com\/index.php\/wp-json\/wp\/v2\/types\/page"}],"author":[{"embeddable":true,"href":"https:\/\/xavier-montoy.com\/index.php\/wp-json\/wp\/v2\/users\/1"}],"replies":[{"embeddable":true,"href":"https:\/\/xavier-montoy.com\/index.php\/wp-json\/wp\/v2\/comments?post=432"}],"version-history":[{"count":7,"href":"https:\/\/xavier-montoy.com\/index.php\/wp-json\/wp\/v2\/pages\/432\/revisions"}],"predecessor-version":[{"id":579,"href":"https:\/\/xavier-montoy.com\/index.php\/wp-json\/wp\/v2\/pages\/432\/revisions\/579"}],"wp:attachment":[{"href":"https:\/\/xavier-montoy.com\/index.php\/wp-json\/wp\/v2\/media?parent=432"}],"curies":[{"name":"wp","href":"https:\/\/api.w.org\/{rel}","templated":true}]}}