{"id":405,"date":"2025-07-09T15:04:48","date_gmt":"2025-07-09T13:04:48","guid":{"rendered":"https:\/\/xavier-montoy.com\/?page_id=405"},"modified":"2025-07-09T15:04:49","modified_gmt":"2025-07-09T13:04:49","slug":"geometrie-organique","status":"publish","type":"page","link":"https:\/\/xavier-montoy.com\/index.php\/geometrie-organique\/","title":{"rendered":"G\u00e9om\u00e9trie organique"},"content":{"rendered":"\n<div class=\"wp-block-group alignfull has-background is-vertical is-layout-flex wp-container-core-group-is-layout-fe9cc265 wp-block-group-is-layout-flex\" style=\"background-color:#000000\">\n<div class=\"wp-block-columns alignfull is-layout-flex wp-container-core-columns-is-layout-9c22b1e3 wp-block-columns-is-layout-flex\">\n<div class=\"wp-block-column has-background is-layout-flow wp-block-column-is-layout-flow\" style=\"background-color:#000000;flex-basis:55%\">\n<figure class=\"wp-block-image size-full has-custom-border\" style=\"margin-top:0;margin-right:0;margin-bottom:0;margin-left:0\"><img loading=\"lazy\" decoding=\"async\" width=\"800\" height=\"1200\" src=\"https:\/\/xavier-montoy.com\/wp-content\/uploads\/2025\/07\/Geometrie_Organique_zoom-copie.jpg\" alt=\"\" class=\"has-border-color wp-image-406\" style=\"border-color:#000000;border-width:50px\" srcset=\"https:\/\/xavier-montoy.com\/wp-content\/uploads\/2025\/07\/Geometrie_Organique_zoom-copie.jpg 800w, https:\/\/xavier-montoy.com\/wp-content\/uploads\/2025\/07\/Geometrie_Organique_zoom-copie-200x300.jpg 200w, https:\/\/xavier-montoy.com\/wp-content\/uploads\/2025\/07\/Geometrie_Organique_zoom-copie-683x1024.jpg 683w, https:\/\/xavier-montoy.com\/wp-content\/uploads\/2025\/07\/Geometrie_Organique_zoom-copie-768x1152.jpg 768w\" sizes=\"auto, (max-width: 800px) 100vw, 800px\" \/><\/figure>\n<\/div>\n\n\n\n<div class=\"wp-block-column is-vertically-aligned-top has-background is-layout-flow wp-block-column-is-layout-flow\" style=\"background-color:#000000;padding-top:var(--wp--preset--spacing--60);padding-right:var(--wp--preset--spacing--60);padding-bottom:var(--wp--preset--spacing--60);padding-left:var(--wp--preset--spacing--60)\">\n<h2 class=\"wp-block-heading has-text-align-center has-xx-large-font-size\">G\u00e9om\u00e9trie organique<\/h2>\n\n\n\n<p style=\"text-transform:none\"><em><em><em>Tableaux muraux int\u00e9grant des fragments d&#8217;\u00e9lytres de col\u00e9opt\u00e8res.<\/em><\/em><\/em><\/p>\n\n\n\n<p class=\"has-medium-font-size\" style=\"padding-top:var(--wp--preset--spacing--20);padding-bottom:var(--wp--preset--spacing--20);text-transform:none\">Sternocera aequisignata, un col\u00e9opt\u00e8re d\u2019Asie du Sud-Est, est r\u00e9pandu dans le nord-est de la Tha\u00eflande. Ses carapaces iridescentes, collect\u00e9es de mani\u00e8re responsable apr\u00e8s le cycle de vie des insectes, deviennent un mat\u00e9riau aux reflets changeants, o\u00f9 la lumi\u00e8re se d\u00e9compose en teintes mouvantes.<\/p>\n\n\n\n<p class=\"has-medium-font-size\" style=\"text-transform:none\">Fix\u00e9s par un m\u00e9tal poli ou bross\u00e9, ces fragments cr\u00e9ent des compositions murales qui \u00e9voquent autant les codes de la science-fiction que ceux des formes naturelles. L\u2019iridescence des \u00e9lytres, presque artificielle, contraste avec leur origine organique, comme si la mati\u00e8re elle-m\u00eame oscillait entre le vivant et une vision manufactur\u00e9e de l\u2019avenir.<\/p>\n\n\n\n<p class=\"has-medium-font-size\" style=\"padding-top:var(--wp--preset--spacing--20);padding-bottom:var(--wp--preset--spacing--20);text-transform:none\">Ces sculptures interrogent notre rapport au vivant : elles imaginent des utopies o\u00f9 la nature s\u2019int\u00e8gre harmonieusement dans des espaces modernes, mais aussi des dystopies o\u00f9 sa pr\u00e9ciosit\u00e9, encapsul\u00e9e et f\u00e9tichis\u00e9e, devient un vestige d\u2019un monde pass\u00e9. \u00c0 travers cet \u00e9quilibre fragile entre fascination technologique et c\u00e9l\u00e9bration de la vie, chaque pi\u00e8ce invite \u00e0 r\u00e9fl\u00e9chir \u00e0 la place du vivant dans nos futurs possibles.<\/p>\n<\/div>\n<\/div>\n\n\n\n<hr class=\"wp-block-separator alignfull has-alpha-channel-opacity\"\/>\n\n\n\n<figure class=\"wp-block-gallery alignfull has-nested-images columns-3 is-cropped has-base-background-color has-background wp-block-gallery-1 is-layout-flex wp-block-gallery-is-layout-flex\" style=\"border-style:none;border-width:0px;padding-top:0;padding-right:0;padding-bottom:0;padding-left:0\">\n<figure class=\"wp-block-image size-large\"><img loading=\"lazy\" decoding=\"async\" width=\"683\" height=\"1024\" data-id=\"409\" src=\"https:\/\/xavier-montoy.com\/wp-content\/uploads\/2025\/07\/Geometrie_Organique_2-copie-683x1024.jpg\" alt=\"\" class=\"wp-image-409\" srcset=\"https:\/\/xavier-montoy.com\/wp-content\/uploads\/2025\/07\/Geometrie_Organique_2-copie-683x1024.jpg 683w, https:\/\/xavier-montoy.com\/wp-content\/uploads\/2025\/07\/Geometrie_Organique_2-copie-200x300.jpg 200w, https:\/\/xavier-montoy.com\/wp-content\/uploads\/2025\/07\/Geometrie_Organique_2-copie-768x1152.jpg 768w, https:\/\/xavier-montoy.com\/wp-content\/uploads\/2025\/07\/Geometrie_Organique_2-copie-1024x1536.jpg 1024w, https:\/\/xavier-montoy.com\/wp-content\/uploads\/2025\/07\/Geometrie_Organique_2-copie-1365x2048.jpg 1365w, https:\/\/xavier-montoy.com\/wp-content\/uploads\/2025\/07\/Geometrie_Organique_2-copie-scaled.jpg 1707w\" sizes=\"auto, (max-width: 683px) 100vw, 683px\" \/><\/figure>\n\n\n\n<figure class=\"wp-block-image size-large has-custom-border\"><img loading=\"lazy\" decoding=\"async\" width=\"683\" height=\"1024\" data-id=\"407\" src=\"https:\/\/xavier-montoy.com\/wp-content\/uploads\/2025\/07\/Geometrie_Organique_1-copie-2-683x1024.jpg\" alt=\"\" class=\"has-border-color wp-image-407\" style=\"border-color:#000000;border-width:37px\" srcset=\"https:\/\/xavier-montoy.com\/wp-content\/uploads\/2025\/07\/Geometrie_Organique_1-copie-2-683x1024.jpg 683w, https:\/\/xavier-montoy.com\/wp-content\/uploads\/2025\/07\/Geometrie_Organique_1-copie-2-200x300.jpg 200w, https:\/\/xavier-montoy.com\/wp-content\/uploads\/2025\/07\/Geometrie_Organique_1-copie-2-768x1152.jpg 768w, https:\/\/xavier-montoy.com\/wp-content\/uploads\/2025\/07\/Geometrie_Organique_1-copie-2.jpg 800w\" sizes=\"auto, (max-width: 683px) 100vw, 683px\" \/><\/figure>\n\n\n\n<figure class=\"wp-block-image size-large\"><img loading=\"lazy\" decoding=\"async\" width=\"683\" height=\"1024\" data-id=\"408\" src=\"https:\/\/xavier-montoy.com\/wp-content\/uploads\/2025\/07\/Geometrie_Organique_3-copie-683x1024.jpg\" alt=\"\" class=\"wp-image-408\" srcset=\"https:\/\/xavier-montoy.com\/wp-content\/uploads\/2025\/07\/Geometrie_Organique_3-copie-683x1024.jpg 683w, https:\/\/xavier-montoy.com\/wp-content\/uploads\/2025\/07\/Geometrie_Organique_3-copie-200x300.jpg 200w, https:\/\/xavier-montoy.com\/wp-content\/uploads\/2025\/07\/Geometrie_Organique_3-copie-768x1152.jpg 768w, https:\/\/xavier-montoy.com\/wp-content\/uploads\/2025\/07\/Geometrie_Organique_3-copie.jpg 1000w\" sizes=\"auto, (max-width: 683px) 100vw, 683px\" \/><\/figure>\n<\/figure>\n\n\n\n<div class=\"wp-block-group alignfull has-global-padding is-layout-constrained wp-block-group-is-layout-constrained\" style=\"margin-top:0;margin-bottom:0\"><\/div>\n<\/div>\n\n\n\n<p><\/p>\n","protected":false},"excerpt":{"rendered":"<p>G\u00e9om\u00e9trie organique Tableaux muraux int\u00e9grant des fragments d&#8217;\u00e9lytres de col\u00e9opt\u00e8res. Sternocera aequisignata, un col\u00e9opt\u00e8re d\u2019Asie du Sud-Est, est r\u00e9pandu dans le nord-est de la Tha\u00eflande. Ses carapaces iridescentes, collect\u00e9es de mani\u00e8re responsable apr\u00e8s le cycle de vie des insectes, deviennent un mat\u00e9riau aux reflets changeants, o\u00f9 la lumi\u00e8re se d\u00e9compose en teintes mouvantes. Fix\u00e9s par [&hellip;]<\/p>\n","protected":false},"author":1,"featured_media":0,"parent":0,"menu_order":0,"comment_status":"closed","ping_status":"closed","template":"","meta":{"footnotes":""},"class_list":["post-405","page","type-page","status-publish","hentry"],"jetpack_sharing_enabled":true,"_links":{"self":[{"href":"https:\/\/xavier-montoy.com\/index.php\/wp-json\/wp\/v2\/pages\/405","targetHints":{"allow":["GET"]}}],"collection":[{"href":"https:\/\/xavier-montoy.com\/index.php\/wp-json\/wp\/v2\/pages"}],"about":[{"href":"https:\/\/xavier-montoy.com\/index.php\/wp-json\/wp\/v2\/types\/page"}],"author":[{"embeddable":true,"href":"https:\/\/xavier-montoy.com\/index.php\/wp-json\/wp\/v2\/users\/1"}],"replies":[{"embeddable":true,"href":"https:\/\/xavier-montoy.com\/index.php\/wp-json\/wp\/v2\/comments?post=405"}],"version-history":[{"count":1,"href":"https:\/\/xavier-montoy.com\/index.php\/wp-json\/wp\/v2\/pages\/405\/revisions"}],"predecessor-version":[{"id":410,"href":"https:\/\/xavier-montoy.com\/index.php\/wp-json\/wp\/v2\/pages\/405\/revisions\/410"}],"wp:attachment":[{"href":"https:\/\/xavier-montoy.com\/index.php\/wp-json\/wp\/v2\/media?parent=405"}],"curies":[{"name":"wp","href":"https:\/\/api.w.org\/{rel}","templated":true}]}}