{"id":391,"date":"2025-07-09T14:34:28","date_gmt":"2025-07-09T12:34:28","guid":{"rendered":"https:\/\/xavier-montoy.com\/?page_id=391"},"modified":"2025-07-09T14:37:09","modified_gmt":"2025-07-09T12:37:09","slug":"391-2","status":"publish","type":"page","link":"https:\/\/xavier-montoy.com\/index.php\/391-2\/","title":{"rendered":"Entoeffigie"},"content":{"rendered":"\n<div class=\"wp-block-group alignfull has-contrast-background-color has-background is-vertical is-layout-flex wp-container-core-group-is-layout-e1300cac wp-block-group-is-layout-flex\">\n<div class=\"wp-block-columns alignfull has-base-color has-contrast-background-color has-text-color has-background has-link-color wp-elements-e0173a4646fc21a12391b25e87072c77 is-layout-flex wp-container-core-columns-is-layout-9c22b1e3 wp-block-columns-is-layout-flex\">\n<div class=\"wp-block-column is-layout-flow wp-block-column-is-layout-flow\" style=\"padding-right:0;padding-left:0;flex-basis:55%\">\n<figure class=\"wp-block-image size-full is-resized\" style=\"margin-top:var(--wp--preset--spacing--50);margin-right:var(--wp--preset--spacing--50);margin-bottom:var(--wp--preset--spacing--50);margin-left:var(--wp--preset--spacing--50)\"><img loading=\"lazy\" decoding=\"async\" width=\"1200\" height=\"800\" src=\"https:\/\/xavier-montoy.com\/wp-content\/uploads\/2025\/07\/Xavier_montoy_entoeffigie_1-mockup-1.jpg\" alt=\"\" class=\"wp-image-400\" style=\"width:731px;height:auto\" srcset=\"https:\/\/xavier-montoy.com\/wp-content\/uploads\/2025\/07\/Xavier_montoy_entoeffigie_1-mockup-1.jpg 1200w, https:\/\/xavier-montoy.com\/wp-content\/uploads\/2025\/07\/Xavier_montoy_entoeffigie_1-mockup-1-300x200.jpg 300w, https:\/\/xavier-montoy.com\/wp-content\/uploads\/2025\/07\/Xavier_montoy_entoeffigie_1-mockup-1-1024x683.jpg 1024w, https:\/\/xavier-montoy.com\/wp-content\/uploads\/2025\/07\/Xavier_montoy_entoeffigie_1-mockup-1-768x512.jpg 768w\" sizes=\"auto, (max-width: 1200px) 100vw, 1200px\" \/><\/figure>\n<\/div>\n\n\n\n<div class=\"wp-block-column is-vertically-aligned-top is-layout-flow wp-block-column-is-layout-flow\" style=\"padding-top:var(--wp--preset--spacing--60);padding-right:var(--wp--preset--spacing--60);padding-bottom:var(--wp--preset--spacing--60);padding-left:var(--wp--preset--spacing--60)\">\n<h2 class=\"wp-block-heading has-text-align-center has-xx-large-font-size\">Entoeffigie<\/h2>\n\n\n\n<p style=\"text-transform:none\"><em><em><em><em>Portraits d&#8217;insectes, relev\u00e9s au feutre noir, sur feuille d&#8217;or.<\/em><\/em><\/em><\/em><\/p>\n\n\n\n<p class=\"has-medium-font-size\" style=\"padding-top:var(--wp--preset--spacing--20);padding-bottom:var(--wp--preset--spacing--20);text-transform:none\">L&#8217;aplat r\u00e9unit la silhouette animale, \u00e0 un \u00e9l\u00e9ment de la Terre, et aur\u00e9ole le dessin d&#8217;une lumi\u00e8re pr\u00e9cieuse. Les d\u00e9tails sont dessin\u00e9s point par point, avec une observation pr\u00e9cise qui tend vers l&#8217;\u00e9tude entomologique du sujet. La technique et le m\u00e9dium du trac\u00e9 transforment l&#8217;ic\u00f4ne en image, et replacent le portrait dans une r\u00e9alit\u00e9 anthropocentr\u00e9e.<br><br>L&#8217;observateur est amen\u00e9 \u00e0 consid\u00e9rer chaque \u0153uvre de la s\u00e9rie selon son propre rapport au vivant et aux all\u00e9gories.<\/p>\n\n\n\n<p><\/p>\n<\/div>\n<\/div>\n\n\n\n<div class=\"wp-block-columns alignfull has-contrast-background-color has-background is-layout-flex wp-container-core-columns-is-layout-28f84493 wp-block-columns-is-layout-flex\">\n<div class=\"wp-block-column is-layout-flow wp-block-column-is-layout-flow\">\n<figure class=\"wp-block-gallery alignfull has-nested-images columns-3 is-cropped has-border-color has-accent-6-border-color has-contrast-background-color has-background wp-block-gallery-1 is-layout-flex wp-block-gallery-is-layout-flex\" style=\"margin-right:var(--wp--preset--spacing--40);margin-left:var(--wp--preset--spacing--40)\">\n<figure class=\"wp-block-image size-large\"><img loading=\"lazy\" decoding=\"async\" width=\"819\" height=\"1024\" data-id=\"392\" src=\"https:\/\/xavier-montoy.com\/wp-content\/uploads\/2025\/07\/entoeffigie_1-819x1024.jpg\" alt=\"\" class=\"wp-image-392\" srcset=\"https:\/\/xavier-montoy.com\/wp-content\/uploads\/2025\/07\/entoeffigie_1-819x1024.jpg 819w, https:\/\/xavier-montoy.com\/wp-content\/uploads\/2025\/07\/entoeffigie_1-240x300.jpg 240w, https:\/\/xavier-montoy.com\/wp-content\/uploads\/2025\/07\/entoeffigie_1-768x960.jpg 768w, https:\/\/xavier-montoy.com\/wp-content\/uploads\/2025\/07\/entoeffigie_1.jpg 960w\" sizes=\"auto, (max-width: 819px) 100vw, 819px\" \/><\/figure>\n\n\n\n<figure class=\"wp-block-image size-large\"><img loading=\"lazy\" decoding=\"async\" width=\"819\" height=\"1024\" data-id=\"393\" src=\"https:\/\/xavier-montoy.com\/wp-content\/uploads\/2025\/07\/entoeffigie_2.3-819x1024.jpg\" alt=\"\" class=\"wp-image-393\" srcset=\"https:\/\/xavier-montoy.com\/wp-content\/uploads\/2025\/07\/entoeffigie_2.3-819x1024.jpg 819w, https:\/\/xavier-montoy.com\/wp-content\/uploads\/2025\/07\/entoeffigie_2.3-240x300.jpg 240w, https:\/\/xavier-montoy.com\/wp-content\/uploads\/2025\/07\/entoeffigie_2.3-768x960.jpg 768w, https:\/\/xavier-montoy.com\/wp-content\/uploads\/2025\/07\/entoeffigie_2.3.jpg 960w\" sizes=\"auto, (max-width: 819px) 100vw, 819px\" \/><\/figure>\n\n\n\n<figure class=\"wp-block-image size-large\"><img loading=\"lazy\" decoding=\"async\" width=\"819\" height=\"1024\" data-id=\"394\" src=\"https:\/\/xavier-montoy.com\/wp-content\/uploads\/2025\/07\/entoeffigie_6-819x1024.jpg\" alt=\"\" class=\"wp-image-394\" srcset=\"https:\/\/xavier-montoy.com\/wp-content\/uploads\/2025\/07\/entoeffigie_6-819x1024.jpg 819w, https:\/\/xavier-montoy.com\/wp-content\/uploads\/2025\/07\/entoeffigie_6-240x300.jpg 240w, https:\/\/xavier-montoy.com\/wp-content\/uploads\/2025\/07\/entoeffigie_6-768x960.jpg 768w, https:\/\/xavier-montoy.com\/wp-content\/uploads\/2025\/07\/entoeffigie_6.jpg 960w\" sizes=\"auto, (max-width: 819px) 100vw, 819px\" \/><\/figure>\n\n\n\n<figure class=\"wp-block-image size-large\"><img loading=\"lazy\" decoding=\"async\" width=\"819\" height=\"1024\" data-id=\"395\" src=\"https:\/\/xavier-montoy.com\/wp-content\/uploads\/2025\/07\/entoeffigie_4-819x1024.jpg\" alt=\"\" class=\"wp-image-395\" srcset=\"https:\/\/xavier-montoy.com\/wp-content\/uploads\/2025\/07\/entoeffigie_4-819x1024.jpg 819w, https:\/\/xavier-montoy.com\/wp-content\/uploads\/2025\/07\/entoeffigie_4-240x300.jpg 240w, https:\/\/xavier-montoy.com\/wp-content\/uploads\/2025\/07\/entoeffigie_4-768x960.jpg 768w, https:\/\/xavier-montoy.com\/wp-content\/uploads\/2025\/07\/entoeffigie_4.jpg 960w\" sizes=\"auto, (max-width: 819px) 100vw, 819px\" \/><\/figure>\n\n\n\n<figure class=\"wp-block-image size-large\"><img loading=\"lazy\" decoding=\"async\" width=\"819\" height=\"1024\" data-id=\"397\" src=\"https:\/\/xavier-montoy.com\/wp-content\/uploads\/2025\/07\/entoeffigie_5-819x1024.jpg\" alt=\"\" class=\"wp-image-397\" srcset=\"https:\/\/xavier-montoy.com\/wp-content\/uploads\/2025\/07\/entoeffigie_5-819x1024.jpg 819w, https:\/\/xavier-montoy.com\/wp-content\/uploads\/2025\/07\/entoeffigie_5-240x300.jpg 240w, https:\/\/xavier-montoy.com\/wp-content\/uploads\/2025\/07\/entoeffigie_5-768x960.jpg 768w, https:\/\/xavier-montoy.com\/wp-content\/uploads\/2025\/07\/entoeffigie_5.jpg 960w\" sizes=\"auto, (max-width: 819px) 100vw, 819px\" \/><\/figure>\n\n\n\n<figure class=\"wp-block-image size-large\"><img loading=\"lazy\" decoding=\"async\" width=\"819\" height=\"1024\" data-id=\"396\" src=\"https:\/\/xavier-montoy.com\/wp-content\/uploads\/2025\/07\/entoeffigie_3-819x1024.jpg\" alt=\"\" class=\"wp-image-396\" srcset=\"https:\/\/xavier-montoy.com\/wp-content\/uploads\/2025\/07\/entoeffigie_3-819x1024.jpg 819w, https:\/\/xavier-montoy.com\/wp-content\/uploads\/2025\/07\/entoeffigie_3-240x300.jpg 240w, https:\/\/xavier-montoy.com\/wp-content\/uploads\/2025\/07\/entoeffigie_3-768x960.jpg 768w, https:\/\/xavier-montoy.com\/wp-content\/uploads\/2025\/07\/entoeffigie_3.jpg 960w\" sizes=\"auto, (max-width: 819px) 100vw, 819px\" \/><\/figure>\n<\/figure>\n<\/div>\n<\/div>\n<\/div>\n","protected":false},"excerpt":{"rendered":"<p>Entoeffigie Portraits d&#8217;insectes, relev\u00e9s au feutre noir, sur feuille d&#8217;or. L&#8217;aplat r\u00e9unit la silhouette animale, \u00e0 un \u00e9l\u00e9ment de la Terre, et aur\u00e9ole le dessin d&#8217;une lumi\u00e8re pr\u00e9cieuse. Les d\u00e9tails sont dessin\u00e9s point par point, avec une observation pr\u00e9cise qui tend vers l&#8217;\u00e9tude entomologique du sujet. La technique et le m\u00e9dium du trac\u00e9 transforment l&#8217;ic\u00f4ne [&hellip;]<\/p>\n","protected":false},"author":1,"featured_media":0,"parent":0,"menu_order":0,"comment_status":"closed","ping_status":"closed","template":"","meta":{"footnotes":""},"class_list":["post-391","page","type-page","status-publish","hentry"],"jetpack_sharing_enabled":true,"_links":{"self":[{"href":"https:\/\/xavier-montoy.com\/index.php\/wp-json\/wp\/v2\/pages\/391","targetHints":{"allow":["GET"]}}],"collection":[{"href":"https:\/\/xavier-montoy.com\/index.php\/wp-json\/wp\/v2\/pages"}],"about":[{"href":"https:\/\/xavier-montoy.com\/index.php\/wp-json\/wp\/v2\/types\/page"}],"author":[{"embeddable":true,"href":"https:\/\/xavier-montoy.com\/index.php\/wp-json\/wp\/v2\/users\/1"}],"replies":[{"embeddable":true,"href":"https:\/\/xavier-montoy.com\/index.php\/wp-json\/wp\/v2\/comments?post=391"}],"version-history":[{"count":2,"href":"https:\/\/xavier-montoy.com\/index.php\/wp-json\/wp\/v2\/pages\/391\/revisions"}],"predecessor-version":[{"id":402,"href":"https:\/\/xavier-montoy.com\/index.php\/wp-json\/wp\/v2\/pages\/391\/revisions\/402"}],"wp:attachment":[{"href":"https:\/\/xavier-montoy.com\/index.php\/wp-json\/wp\/v2\/media?parent=391"}],"curies":[{"name":"wp","href":"https:\/\/api.w.org\/{rel}","templated":true}]}}