{"id":354,"date":"2025-07-04T17:10:12","date_gmt":"2025-07-04T15:10:12","guid":{"rendered":"http:\/\/xavier-montoy.com\/?page_id=354"},"modified":"2025-07-09T14:27:17","modified_gmt":"2025-07-09T12:27:17","slug":"brisures","status":"publish","type":"page","link":"https:\/\/xavier-montoy.com\/index.php\/brisures\/","title":{"rendered":"Brisures"},"content":{"rendered":"\n<div class=\"wp-block-group alignfull has-contrast-background-color has-background is-vertical is-layout-flex wp-container-core-group-is-layout-e1300cac wp-block-group-is-layout-flex\">\n<div class=\"wp-block-columns alignfull has-base-color has-contrast-background-color has-text-color has-background has-link-color wp-elements-e00fc03a58c58dba9c26cc43f2bf0468 is-layout-flex wp-container-core-columns-is-layout-9c22b1e3 wp-block-columns-is-layout-flex\">\n<div class=\"wp-block-column is-layout-flow wp-block-column-is-layout-flow\" style=\"padding-right:0;padding-left:0;flex-basis:55%\">\n<figure class=\"wp-block-image size-full\" style=\"margin-top:var(--wp--preset--spacing--50);margin-right:var(--wp--preset--spacing--50);margin-bottom:var(--wp--preset--spacing--50);margin-left:var(--wp--preset--spacing--50)\"><img loading=\"lazy\" decoding=\"async\" width=\"900\" height=\"1200\" src=\"http:\/\/xavier-montoy.com\/wp-content\/uploads\/2025\/07\/Xavier_Montoy_brisure1.2.jpg\" alt=\"\" class=\"wp-image-359\" srcset=\"https:\/\/xavier-montoy.com\/wp-content\/uploads\/2025\/07\/Xavier_Montoy_brisure1.2.jpg 900w, https:\/\/xavier-montoy.com\/wp-content\/uploads\/2025\/07\/Xavier_Montoy_brisure1.2-225x300.jpg 225w, https:\/\/xavier-montoy.com\/wp-content\/uploads\/2025\/07\/Xavier_Montoy_brisure1.2-768x1024.jpg 768w\" sizes=\"auto, (max-width: 900px) 100vw, 900px\" \/><\/figure>\n<\/div>\n\n\n\n<div class=\"wp-block-column is-vertically-aligned-top is-layout-flow wp-block-column-is-layout-flow\" style=\"padding-top:var(--wp--preset--spacing--60);padding-right:var(--wp--preset--spacing--60);padding-bottom:var(--wp--preset--spacing--60);padding-left:var(--wp--preset--spacing--60)\">\n<h2 class=\"wp-block-heading has-text-align-center has-xx-large-font-size\">Brisures<\/h2>\n\n\n\n<p style=\"text-transform:none\"><em><em><em>Dessins au feutre \u00e0 pointe calibr\u00e9e.<\/em><\/em><\/em><\/p>\n\n\n\n<p class=\"has-medium-font-size\" style=\"padding-top:var(--wp--preset--spacing--20);padding-bottom:var(--wp--preset--spacing--20);text-transform:none\">Comme l&#8217;expression &#8220;j&#8217;y ai laiss\u00e9 des plumes&#8221;, est employ\u00e9e lorsqu&#8217;un acte ou un \u00e9v\u00e9nement ne nous laisse pas indemne, la m\u00e9taphore peut \u00eatre fil\u00e9e de mani\u00e8re \u00e0 consid\u00e9rer qu&#8217;une \u00e9motion qui nous traverse, peut nous fragmenter. Se prot\u00e9ger de ces sentiments consiste souvent \u00e0 &#8220;s&#8217;endurcir&#8221;, \u00e0 souhaiter partager des caract\u00e9ristiques avec le monde min\u00e9ral. Il n&#8217;en demeure pas moins que cette r\u00e9sistance poss\u00e8de ses failles, nous amenant \u00e0 &#8220;y laisser des \u00e9clats&#8221;.<\/p>\n\n\n\n<p class=\"has-medium-font-size\" style=\"padding-top:var(--wp--preset--spacing--20);padding-bottom:var(--wp--preset--spacing--20);text-transform:none\">Ces dessins ont \u00e9t\u00e9 cr\u00e9\u00e9s sous l&#8217;emprise d&#8217;\u00e9motions sp\u00e9cifiques, \u00e0 la fois pour poser un exutoire et tenter de les juguler, mais \u00e9galement afin de mat\u00e9rialiser leur passage d&#8217;un souvenir tangible. Chacune de ces pierres, invent\u00e9es sur le vif, poss\u00e8de donc les caract\u00e9ristiques de l&#8217;\u00e9tat qui les a g\u00e9n\u00e9r\u00e9.<\/p>\n\n\n\n<p><\/p>\n<\/div>\n<\/div>\n\n\n\n<div class=\"wp-block-columns alignfull has-contrast-background-color has-background is-layout-flex wp-container-core-columns-is-layout-28f84493 wp-block-columns-is-layout-flex\">\n<div class=\"wp-block-column is-layout-flow wp-block-column-is-layout-flow\">\n<figure class=\"wp-block-gallery alignfull has-nested-images columns-5 is-cropped has-border-color has-accent-6-border-color has-contrast-background-color has-background wp-block-gallery-1 is-layout-flex wp-block-gallery-is-layout-flex\" style=\"margin-right:var(--wp--preset--spacing--40);margin-left:var(--wp--preset--spacing--40)\">\n<figure class=\"wp-block-image size-large\"><img loading=\"lazy\" decoding=\"async\" width=\"768\" height=\"1024\" data-id=\"373\" src=\"http:\/\/xavier-montoy.com\/wp-content\/uploads\/2025\/07\/Brisure_Amertume-768x1024.jpg\" alt=\"\" class=\"wp-image-373\" srcset=\"https:\/\/xavier-montoy.com\/wp-content\/uploads\/2025\/07\/Brisure_Amertume-768x1024.jpg 768w, https:\/\/xavier-montoy.com\/wp-content\/uploads\/2025\/07\/Brisure_Amertume-225x300.jpg 225w, https:\/\/xavier-montoy.com\/wp-content\/uploads\/2025\/07\/Brisure_Amertume.jpg 900w\" sizes=\"auto, (max-width: 768px) 100vw, 768px\" \/><figcaption class=\"wp-element-caption\">Amertume<\/figcaption><\/figure>\n\n\n\n<figure class=\"wp-block-image size-large\"><img loading=\"lazy\" decoding=\"async\" width=\"768\" height=\"1024\" data-id=\"374\" src=\"http:\/\/xavier-montoy.com\/wp-content\/uploads\/2025\/07\/Brisure_Confiance-768x1024.jpg\" alt=\"\" class=\"wp-image-374\" srcset=\"https:\/\/xavier-montoy.com\/wp-content\/uploads\/2025\/07\/Brisure_Confiance-768x1024.jpg 768w, https:\/\/xavier-montoy.com\/wp-content\/uploads\/2025\/07\/Brisure_Confiance-225x300.jpg 225w, https:\/\/xavier-montoy.com\/wp-content\/uploads\/2025\/07\/Brisure_Confiance.jpg 900w\" sizes=\"auto, (max-width: 768px) 100vw, 768px\" \/><figcaption class=\"wp-element-caption\">Confiance<\/figcaption><\/figure>\n\n\n\n<figure class=\"wp-block-image size-large\"><img loading=\"lazy\" decoding=\"async\" width=\"768\" height=\"1024\" data-id=\"376\" src=\"http:\/\/xavier-montoy.com\/wp-content\/uploads\/2025\/07\/Brisure_Effusion-768x1024.jpg\" alt=\"\" class=\"wp-image-376\" srcset=\"https:\/\/xavier-montoy.com\/wp-content\/uploads\/2025\/07\/Brisure_Effusion-768x1024.jpg 768w, https:\/\/xavier-montoy.com\/wp-content\/uploads\/2025\/07\/Brisure_Effusion-225x300.jpg 225w, https:\/\/xavier-montoy.com\/wp-content\/uploads\/2025\/07\/Brisure_Effusion.jpg 900w\" sizes=\"auto, (max-width: 768px) 100vw, 768px\" \/><figcaption class=\"wp-element-caption\">Effusion<\/figcaption><\/figure>\n\n\n\n<figure class=\"wp-block-image size-large\"><img loading=\"lazy\" decoding=\"async\" width=\"768\" height=\"1024\" data-id=\"377\" src=\"http:\/\/xavier-montoy.com\/wp-content\/uploads\/2025\/07\/Brisure_Fatigue-768x1024.jpg\" alt=\"\" class=\"wp-image-377\" srcset=\"https:\/\/xavier-montoy.com\/wp-content\/uploads\/2025\/07\/Brisure_Fatigue-768x1024.jpg 768w, https:\/\/xavier-montoy.com\/wp-content\/uploads\/2025\/07\/Brisure_Fatigue-225x300.jpg 225w, https:\/\/xavier-montoy.com\/wp-content\/uploads\/2025\/07\/Brisure_Fatigue.jpg 900w\" sizes=\"auto, (max-width: 768px) 100vw, 768px\" \/><figcaption class=\"wp-element-caption\">Fatigue<\/figcaption><\/figure>\n\n\n\n<figure class=\"wp-block-image size-large\"><img loading=\"lazy\" decoding=\"async\" width=\"768\" height=\"1024\" data-id=\"378\" src=\"http:\/\/xavier-montoy.com\/wp-content\/uploads\/2025\/07\/Brisure_Joie-768x1024.jpg\" alt=\"\" class=\"wp-image-378\" srcset=\"https:\/\/xavier-montoy.com\/wp-content\/uploads\/2025\/07\/Brisure_Joie-768x1024.jpg 768w, https:\/\/xavier-montoy.com\/wp-content\/uploads\/2025\/07\/Brisure_Joie-225x300.jpg 225w, https:\/\/xavier-montoy.com\/wp-content\/uploads\/2025\/07\/Brisure_Joie.jpg 900w\" sizes=\"auto, (max-width: 768px) 100vw, 768px\" \/><figcaption class=\"wp-element-caption\">Joie<\/figcaption><\/figure>\n\n\n\n<figure class=\"wp-block-image size-large\"><img loading=\"lazy\" decoding=\"async\" width=\"768\" height=\"1024\" data-id=\"379\" src=\"http:\/\/xavier-montoy.com\/wp-content\/uploads\/2025\/07\/Brisure_Peur-768x1024.jpg\" alt=\"\" class=\"wp-image-379\" srcset=\"https:\/\/xavier-montoy.com\/wp-content\/uploads\/2025\/07\/Brisure_Peur-768x1024.jpg 768w, https:\/\/xavier-montoy.com\/wp-content\/uploads\/2025\/07\/Brisure_Peur-225x300.jpg 225w, https:\/\/xavier-montoy.com\/wp-content\/uploads\/2025\/07\/Brisure_Peur.jpg 900w\" sizes=\"auto, (max-width: 768px) 100vw, 768px\" \/><figcaption class=\"wp-element-caption\">Peur<\/figcaption><\/figure>\n\n\n\n<figure class=\"wp-block-image size-large\"><img loading=\"lazy\" decoding=\"async\" width=\"768\" height=\"1024\" data-id=\"380\" src=\"http:\/\/xavier-montoy.com\/wp-content\/uploads\/2025\/07\/Brisure_Relativisme-768x1024.jpg\" alt=\"\" class=\"wp-image-380\" srcset=\"https:\/\/xavier-montoy.com\/wp-content\/uploads\/2025\/07\/Brisure_Relativisme-768x1024.jpg 768w, https:\/\/xavier-montoy.com\/wp-content\/uploads\/2025\/07\/Brisure_Relativisme-225x300.jpg 225w, https:\/\/xavier-montoy.com\/wp-content\/uploads\/2025\/07\/Brisure_Relativisme.jpg 900w\" sizes=\"auto, (max-width: 768px) 100vw, 768px\" \/><figcaption class=\"wp-element-caption\">Relativisme<\/figcaption><\/figure>\n\n\n\n<figure class=\"wp-block-image size-large\"><img loading=\"lazy\" decoding=\"async\" width=\"768\" height=\"1024\" data-id=\"381\" src=\"http:\/\/xavier-montoy.com\/wp-content\/uploads\/2025\/07\/Brisure_Resignation-768x1024.jpg\" alt=\"\" class=\"wp-image-381\" srcset=\"https:\/\/xavier-montoy.com\/wp-content\/uploads\/2025\/07\/Brisure_Resignation-768x1024.jpg 768w, https:\/\/xavier-montoy.com\/wp-content\/uploads\/2025\/07\/Brisure_Resignation-225x300.jpg 225w, https:\/\/xavier-montoy.com\/wp-content\/uploads\/2025\/07\/Brisure_Resignation.jpg 900w\" sizes=\"auto, (max-width: 768px) 100vw, 768px\" \/><figcaption class=\"wp-element-caption\">R\u00e9signation<\/figcaption><\/figure>\n\n\n\n<figure class=\"wp-block-image size-large\"><img loading=\"lazy\" decoding=\"async\" width=\"768\" height=\"1024\" data-id=\"375\" src=\"http:\/\/xavier-montoy.com\/wp-content\/uploads\/2025\/07\/Brisure_Desillusion-768x1024.jpg\" alt=\"\" class=\"wp-image-375\" srcset=\"https:\/\/xavier-montoy.com\/wp-content\/uploads\/2025\/07\/Brisure_Desillusion-768x1024.jpg 768w, https:\/\/xavier-montoy.com\/wp-content\/uploads\/2025\/07\/Brisure_Desillusion-225x300.jpg 225w, https:\/\/xavier-montoy.com\/wp-content\/uploads\/2025\/07\/Brisure_Desillusion.jpg 900w\" sizes=\"auto, (max-width: 768px) 100vw, 768px\" \/><figcaption class=\"wp-element-caption\">D\u00e9sillusion<\/figcaption><\/figure>\n\n\n\n<figure class=\"wp-block-image size-large\"><img loading=\"lazy\" decoding=\"async\" width=\"768\" height=\"1024\" data-id=\"382\" src=\"http:\/\/xavier-montoy.com\/wp-content\/uploads\/2025\/07\/Brisure_Serenite-768x1024.jpg\" alt=\"\" class=\"wp-image-382\" srcset=\"https:\/\/xavier-montoy.com\/wp-content\/uploads\/2025\/07\/Brisure_Serenite-768x1024.jpg 768w, https:\/\/xavier-montoy.com\/wp-content\/uploads\/2025\/07\/Brisure_Serenite-225x300.jpg 225w, https:\/\/xavier-montoy.com\/wp-content\/uploads\/2025\/07\/Brisure_Serenite.jpg 900w\" sizes=\"auto, (max-width: 768px) 100vw, 768px\" \/><figcaption class=\"wp-element-caption\">S\u00e9r\u00e9nit\u00e9<\/figcaption><\/figure>\n<\/figure>\n<\/div>\n<\/div>\n<\/div>\n\n\n\n<div class=\"wp-block-group alignfull has-global-padding is-layout-constrained wp-block-group-is-layout-constrained\" style=\"margin-top:0;margin-bottom:0\"><\/div>\n\n\n\n<p><\/p>\n","protected":false},"excerpt":{"rendered":"<p>Brisures Dessins au feutre \u00e0 pointe calibr\u00e9e. Comme l&#8217;expression &#8220;j&#8217;y ai laiss\u00e9 des plumes&#8221;, est employ\u00e9e lorsqu&#8217;un acte ou un \u00e9v\u00e9nement ne nous laisse pas indemne, la m\u00e9taphore peut \u00eatre fil\u00e9e de mani\u00e8re \u00e0 consid\u00e9rer qu&#8217;une \u00e9motion qui nous traverse, peut nous fragmenter. Se prot\u00e9ger de ces sentiments consiste souvent \u00e0 &#8220;s&#8217;endurcir&#8221;, \u00e0 souhaiter partager [&hellip;]<\/p>\n","protected":false},"author":1,"featured_media":0,"parent":0,"menu_order":0,"comment_status":"closed","ping_status":"closed","template":"","meta":{"footnotes":""},"class_list":["post-354","page","type-page","status-publish","hentry"],"jetpack_sharing_enabled":true,"_links":{"self":[{"href":"https:\/\/xavier-montoy.com\/index.php\/wp-json\/wp\/v2\/pages\/354","targetHints":{"allow":["GET"]}}],"collection":[{"href":"https:\/\/xavier-montoy.com\/index.php\/wp-json\/wp\/v2\/pages"}],"about":[{"href":"https:\/\/xavier-montoy.com\/index.php\/wp-json\/wp\/v2\/types\/page"}],"author":[{"embeddable":true,"href":"https:\/\/xavier-montoy.com\/index.php\/wp-json\/wp\/v2\/users\/1"}],"replies":[{"embeddable":true,"href":"https:\/\/xavier-montoy.com\/index.php\/wp-json\/wp\/v2\/comments?post=354"}],"version-history":[{"count":8,"href":"https:\/\/xavier-montoy.com\/index.php\/wp-json\/wp\/v2\/pages\/354\/revisions"}],"predecessor-version":[{"id":390,"href":"https:\/\/xavier-montoy.com\/index.php\/wp-json\/wp\/v2\/pages\/354\/revisions\/390"}],"wp:attachment":[{"href":"https:\/\/xavier-montoy.com\/index.php\/wp-json\/wp\/v2\/media?parent=354"}],"curies":[{"name":"wp","href":"https:\/\/api.w.org\/{rel}","templated":true}]}}