{"id":336,"date":"2025-07-04T12:07:06","date_gmt":"2025-07-04T10:07:06","guid":{"rendered":"http:\/\/xavier-montoy.com\/?page_id=336"},"modified":"2025-08-13T17:51:54","modified_gmt":"2025-08-13T15:51:54","slug":"imago-beta","status":"publish","type":"page","link":"https:\/\/xavier-montoy.com\/index.php\/imago-beta\/","title":{"rendered":"Imago Beta"},"content":{"rendered":"\n<div class=\"wp-block-group alignfull has-background is-vertical is-layout-flex wp-container-core-group-is-layout-fe9cc265 wp-block-group-is-layout-flex\" style=\"background-color:#000000\">\n<div class=\"wp-block-columns alignfull has-background is-layout-flex wp-container-core-columns-is-layout-9c22b1e3 wp-block-columns-is-layout-flex\" style=\"background-color:#000000\">\n<div class=\"wp-block-column has-background is-layout-flow wp-block-column-is-layout-flow\" style=\"background-color:#000000;flex-basis:55%\">\n<figure class=\"wp-block-image size-full\"><img loading=\"lazy\" decoding=\"async\" width=\"1500\" height=\"1500\" src=\"https:\/\/xavier-montoy.com\/wp-content\/uploads\/2025\/08\/Xavier_Montoy_Imago_Bettas_Vague_Cadre.jpg\" alt=\"\" class=\"wp-image-474\" srcset=\"https:\/\/xavier-montoy.com\/wp-content\/uploads\/2025\/08\/Xavier_Montoy_Imago_Bettas_Vague_Cadre.jpg 1500w, https:\/\/xavier-montoy.com\/wp-content\/uploads\/2025\/08\/Xavier_Montoy_Imago_Bettas_Vague_Cadre-300x300.jpg 300w, https:\/\/xavier-montoy.com\/wp-content\/uploads\/2025\/08\/Xavier_Montoy_Imago_Bettas_Vague_Cadre-1024x1024.jpg 1024w, https:\/\/xavier-montoy.com\/wp-content\/uploads\/2025\/08\/Xavier_Montoy_Imago_Bettas_Vague_Cadre-150x150.jpg 150w, https:\/\/xavier-montoy.com\/wp-content\/uploads\/2025\/08\/Xavier_Montoy_Imago_Bettas_Vague_Cadre-768x768.jpg 768w\" sizes=\"auto, (max-width: 1500px) 100vw, 1500px\" \/><\/figure>\n<\/div>\n\n\n\n<div class=\"wp-block-column is-vertically-aligned-top has-background is-layout-flow wp-block-column-is-layout-flow\" style=\"background-color:#000000;padding-top:var(--wp--preset--spacing--60);padding-right:var(--wp--preset--spacing--60);padding-bottom:var(--wp--preset--spacing--60);padding-left:var(--wp--preset--spacing--60)\">\n<h2 class=\"wp-block-heading has-text-align-center has-xx-large-font-size\">Imabo Beta<\/h2>\n\n\n\n<p style=\"text-transform:none\"><em><em><strong><em>Collages num\u00e9riques.<\/em><\/strong><\/em><\/em><\/p>\n\n\n\n<p class=\"has-medium-font-size\" style=\"padding-top:var(--wp--preset--spacing--20);padding-bottom:var(--wp--preset--spacing--20);text-transform:none\">L&#8217;imago, caract\u00e9rise notamment le stade de d\u00e9veloppement final des insectes. En psychanalyse, l&#8217;imago d\u00e9signe \u00e9galement une repr\u00e9sentation qui se fixe dans l&#8217;inconscient et oriente notre conduite et nos modes d&#8217;appr\u00e9hension d&#8217;autrui.<\/p>\n\n\n\n<p class=\"has-medium-font-size\" style=\"padding-top:var(--wp--preset--spacing--20);padding-bottom:var(--wp--preset--spacing--20);text-transform:none\">Ces photomontages, \u00e0 la crois\u00e9es de ces deux notions forment des silhouettes volontairement par\u00e9idoliques.Le m\u00e9dium num\u00e9rique efface les traces et indices de la construction de l&#8217;image, cr\u00e9ant l&#8217;illusion parfaite d&#8217;une figure originale, per\u00e7ue tant\u00f4t comme naturelle ou mystique, selon l&#8217;\u0153il qui l&#8217;analyse.<br>Le principe m\u00eame d&#8217;un collage digital symbolise, quant \u00e0 lui, la mainmise humaine sur l&#8217;\u00e9volution du vivant..<\/p>\n\n\n\n<p><\/p>\n\n\n\n<p class=\"has-medium-font-size\" style=\"padding-top:var(--wp--preset--spacing--20);padding-bottom:var(--wp--preset--spacing--20);text-transform:none\"><\/p>\n<\/div>\n<\/div>\n\n\n\n<hr class=\"wp-block-separator has-alpha-channel-opacity\"\/>\n\n\n\n<figure class=\"wp-block-gallery alignfull has-nested-images columns-3 is-cropped has-base-background-color has-background wp-block-gallery-1 is-layout-flex wp-block-gallery-is-layout-flex\" style=\"border-style:none;border-width:0px;padding-top:0;padding-right:0;padding-bottom:0;padding-left:0\">\n<figure class=\"wp-block-image size-full\"><img loading=\"lazy\" decoding=\"async\" width=\"1200\" height=\"1600\" data-id=\"344\" src=\"http:\/\/xavier-montoy.com\/wp-content\/uploads\/2025\/07\/Xavier-Montoy_IMAGO_WEB-3x4_Beta-1.jpg\" alt=\"\" class=\"wp-image-344\" srcset=\"https:\/\/xavier-montoy.com\/wp-content\/uploads\/2025\/07\/Xavier-Montoy_IMAGO_WEB-3x4_Beta-1.jpg 1200w, https:\/\/xavier-montoy.com\/wp-content\/uploads\/2025\/07\/Xavier-Montoy_IMAGO_WEB-3x4_Beta-1-225x300.jpg 225w, https:\/\/xavier-montoy.com\/wp-content\/uploads\/2025\/07\/Xavier-Montoy_IMAGO_WEB-3x4_Beta-1-768x1024.jpg 768w, https:\/\/xavier-montoy.com\/wp-content\/uploads\/2025\/07\/Xavier-Montoy_IMAGO_WEB-3x4_Beta-1-1152x1536.jpg 1152w\" sizes=\"auto, (max-width: 1200px) 100vw, 1200px\" \/><\/figure>\n\n\n\n<figure class=\"wp-block-image size-full\"><img loading=\"lazy\" decoding=\"async\" width=\"1200\" height=\"1600\" data-id=\"345\" src=\"http:\/\/xavier-montoy.com\/wp-content\/uploads\/2025\/07\/Xavier-Montoy_IMAGO_WEB-3x4_Beta-5.jpg\" alt=\"\" class=\"wp-image-345\" srcset=\"https:\/\/xavier-montoy.com\/wp-content\/uploads\/2025\/07\/Xavier-Montoy_IMAGO_WEB-3x4_Beta-5.jpg 1200w, https:\/\/xavier-montoy.com\/wp-content\/uploads\/2025\/07\/Xavier-Montoy_IMAGO_WEB-3x4_Beta-5-225x300.jpg 225w, https:\/\/xavier-montoy.com\/wp-content\/uploads\/2025\/07\/Xavier-Montoy_IMAGO_WEB-3x4_Beta-5-768x1024.jpg 768w, https:\/\/xavier-montoy.com\/wp-content\/uploads\/2025\/07\/Xavier-Montoy_IMAGO_WEB-3x4_Beta-5-1152x1536.jpg 1152w\" sizes=\"auto, (max-width: 1200px) 100vw, 1200px\" \/><\/figure>\n\n\n\n<figure class=\"wp-block-image size-full\"><img loading=\"lazy\" decoding=\"async\" width=\"1200\" height=\"1600\" data-id=\"346\" src=\"http:\/\/xavier-montoy.com\/wp-content\/uploads\/2025\/07\/Xavier-Montoy_IMAGO_WEB-3x4_Beta-2.jpg\" alt=\"\" class=\"wp-image-346\" srcset=\"https:\/\/xavier-montoy.com\/wp-content\/uploads\/2025\/07\/Xavier-Montoy_IMAGO_WEB-3x4_Beta-2.jpg 1200w, https:\/\/xavier-montoy.com\/wp-content\/uploads\/2025\/07\/Xavier-Montoy_IMAGO_WEB-3x4_Beta-2-225x300.jpg 225w, https:\/\/xavier-montoy.com\/wp-content\/uploads\/2025\/07\/Xavier-Montoy_IMAGO_WEB-3x4_Beta-2-768x1024.jpg 768w, https:\/\/xavier-montoy.com\/wp-content\/uploads\/2025\/07\/Xavier-Montoy_IMAGO_WEB-3x4_Beta-2-1152x1536.jpg 1152w\" sizes=\"auto, (max-width: 1200px) 100vw, 1200px\" \/><\/figure>\n\n\n\n<figure class=\"wp-block-image size-full\"><img loading=\"lazy\" decoding=\"async\" width=\"1200\" height=\"1600\" data-id=\"349\" src=\"http:\/\/xavier-montoy.com\/wp-content\/uploads\/2025\/07\/Xavier-Montoy_IMAGO_WEB-3x4_Beta-3.jpg\" alt=\"\" class=\"wp-image-349\" srcset=\"https:\/\/xavier-montoy.com\/wp-content\/uploads\/2025\/07\/Xavier-Montoy_IMAGO_WEB-3x4_Beta-3.jpg 1200w, https:\/\/xavier-montoy.com\/wp-content\/uploads\/2025\/07\/Xavier-Montoy_IMAGO_WEB-3x4_Beta-3-225x300.jpg 225w, https:\/\/xavier-montoy.com\/wp-content\/uploads\/2025\/07\/Xavier-Montoy_IMAGO_WEB-3x4_Beta-3-768x1024.jpg 768w, https:\/\/xavier-montoy.com\/wp-content\/uploads\/2025\/07\/Xavier-Montoy_IMAGO_WEB-3x4_Beta-3-1152x1536.jpg 1152w\" sizes=\"auto, (max-width: 1200px) 100vw, 1200px\" \/><\/figure>\n\n\n\n<figure class=\"wp-block-image size-full\"><img loading=\"lazy\" decoding=\"async\" width=\"1200\" height=\"1600\" data-id=\"347\" src=\"http:\/\/xavier-montoy.com\/wp-content\/uploads\/2025\/07\/Xavier-Montoy_IMAGO_WEB-3x4_Beta-4.jpg\" alt=\"\" class=\"wp-image-347\" srcset=\"https:\/\/xavier-montoy.com\/wp-content\/uploads\/2025\/07\/Xavier-Montoy_IMAGO_WEB-3x4_Beta-4.jpg 1200w, https:\/\/xavier-montoy.com\/wp-content\/uploads\/2025\/07\/Xavier-Montoy_IMAGO_WEB-3x4_Beta-4-225x300.jpg 225w, https:\/\/xavier-montoy.com\/wp-content\/uploads\/2025\/07\/Xavier-Montoy_IMAGO_WEB-3x4_Beta-4-768x1024.jpg 768w, https:\/\/xavier-montoy.com\/wp-content\/uploads\/2025\/07\/Xavier-Montoy_IMAGO_WEB-3x4_Beta-4-1152x1536.jpg 1152w\" sizes=\"auto, (max-width: 1200px) 100vw, 1200px\" \/><\/figure>\n\n\n\n<figure class=\"wp-block-image size-full\"><img loading=\"lazy\" decoding=\"async\" width=\"1200\" height=\"1600\" data-id=\"348\" src=\"http:\/\/xavier-montoy.com\/wp-content\/uploads\/2025\/07\/Xavier-Montoy_IMAGO_WEB-3x4_Beta-6.jpg\" alt=\"\" class=\"wp-image-348\" srcset=\"https:\/\/xavier-montoy.com\/wp-content\/uploads\/2025\/07\/Xavier-Montoy_IMAGO_WEB-3x4_Beta-6.jpg 1200w, https:\/\/xavier-montoy.com\/wp-content\/uploads\/2025\/07\/Xavier-Montoy_IMAGO_WEB-3x4_Beta-6-225x300.jpg 225w, https:\/\/xavier-montoy.com\/wp-content\/uploads\/2025\/07\/Xavier-Montoy_IMAGO_WEB-3x4_Beta-6-768x1024.jpg 768w, https:\/\/xavier-montoy.com\/wp-content\/uploads\/2025\/07\/Xavier-Montoy_IMAGO_WEB-3x4_Beta-6-1152x1536.jpg 1152w\" sizes=\"auto, (max-width: 1200px) 100vw, 1200px\" \/><\/figure>\n<\/figure>\n<\/div>\n","protected":false},"excerpt":{"rendered":"<p>Imabo Beta Collages num\u00e9riques. L&#8217;imago, caract\u00e9rise notamment le stade de d\u00e9veloppement final des insectes. En psychanalyse, l&#8217;imago d\u00e9signe \u00e9galement une repr\u00e9sentation qui se fixe dans l&#8217;inconscient et oriente notre conduite et nos modes d&#8217;appr\u00e9hension d&#8217;autrui. Ces photomontages, \u00e0 la crois\u00e9es de ces deux notions forment des silhouettes volontairement par\u00e9idoliques.Le m\u00e9dium num\u00e9rique efface les traces et [&hellip;]<\/p>\n","protected":false},"author":1,"featured_media":0,"parent":0,"menu_order":0,"comment_status":"closed","ping_status":"closed","template":"","meta":{"footnotes":""},"class_list":["post-336","page","type-page","status-publish","hentry"],"jetpack_sharing_enabled":true,"_links":{"self":[{"href":"https:\/\/xavier-montoy.com\/index.php\/wp-json\/wp\/v2\/pages\/336","targetHints":{"allow":["GET"]}}],"collection":[{"href":"https:\/\/xavier-montoy.com\/index.php\/wp-json\/wp\/v2\/pages"}],"about":[{"href":"https:\/\/xavier-montoy.com\/index.php\/wp-json\/wp\/v2\/types\/page"}],"author":[{"embeddable":true,"href":"https:\/\/xavier-montoy.com\/index.php\/wp-json\/wp\/v2\/users\/1"}],"replies":[{"embeddable":true,"href":"https:\/\/xavier-montoy.com\/index.php\/wp-json\/wp\/v2\/comments?post=336"}],"version-history":[{"count":4,"href":"https:\/\/xavier-montoy.com\/index.php\/wp-json\/wp\/v2\/pages\/336\/revisions"}],"predecessor-version":[{"id":475,"href":"https:\/\/xavier-montoy.com\/index.php\/wp-json\/wp\/v2\/pages\/336\/revisions\/475"}],"wp:attachment":[{"href":"https:\/\/xavier-montoy.com\/index.php\/wp-json\/wp\/v2\/media?parent=336"}],"curies":[{"name":"wp","href":"https:\/\/api.w.org\/{rel}","templated":true}]}}